{"id":27750,"date":"2021-08-18T05:35:45","date_gmt":"2021-08-18T03:35:45","guid":{"rendered":"https:\/\/thepostrace.com\/uber-uns\/"},"modified":"2024-11-18T06:48:01","modified_gmt":"2024-11-18T05:48:01","slug":"uber-uns","status":"publish","type":"page","link":"https:\/\/thepostrace.com\/de\/uber-uns\/","title":{"rendered":"\u00dcber uns"},"content":{"rendered":"<h1>\u00dcber uns<\/h1>\n<p>The Post Trace wurde geschaffen, um Sie zu ermutigen, Ihre sch\u00f6nsten Erinnerungen und <strong>sportlichen Leistungen<\/strong> auf vielf\u00e4ltige Weise <strong>zu pr\u00e4sentieren<\/strong>. Wir glauben, dass Ihre wertvollsten sportlichen Momente es verdienen, t\u00e4glich von Ihnen und Ihren Lieben gefeiert zu werden. <\/p>\n<h2>Unser Auftrag<\/h2>\n<p>Unser Ziel ist es, jedem einzigartige Sportprodukte zur Verf\u00fcgung zu stellen, die das Selbstvertrauen und das Selbstwertgef\u00fchl st\u00e4rken und gleichzeitig einen Designer-Look haben, mit dem man sich traut, sich einem m\u00f6glichst breiten Publikum zu zeigen. The Post Trace ist ein Ort, an den jeder kommen kann, um zu feiern oder etwas anzubieten, das \u00fcber sich selbst hinausgeht. <\/p>\n<h2>Unsere Vision<\/h2>\n<p>Wir geben <strong>unseren Sportlern<\/strong> eine pers\u00f6nliche Note, die ihre St\u00e4rke und Entschlossenheit hervorhebt. Die Personalisierung eines Post-Trace-Posters bringt Sie auf eine Reise in die Vergangenheit. Wir m\u00f6chten Sie dazu inspirieren, stolz auf Ihren Weg und das Erreichte zu sein.  <\/p>\n<p>\t\t\t\t\t\t\t\t\t\t\t\t\t<img fetchpriority=\"high\" decoding=\"async\" width=\"600\" height=\"600\" src=\"https:\/\/thepostrace.com\/wp-content\/uploads\/2022\/02\/Saint-Nicolas-Noel.jpg\" alt=\"affiche issu d&#039;un partenariat pour association sportive\" srcset=\"https:\/\/thepostrace.com\/wp-content\/uploads\/2022\/02\/Saint-Nicolas-Noel.jpg 600w, https:\/\/thepostrace.com\/wp-content\/uploads\/2022\/02\/Saint-Nicolas-Noel-300x300.jpg 300w, https:\/\/thepostrace.com\/wp-content\/uploads\/2022\/02\/Saint-Nicolas-Noel-150x150.jpg 150w, https:\/\/thepostrace.com\/wp-content\/uploads\/2022\/02\/Saint-Nicolas-Noel-100x100.jpg 100w\" sizes=\"(max-width: 600px) 100vw, 600px\" title=\"\"><br \/>\n\t\t\t\t\t\t\t\t\t\t\t\t\t<img decoding=\"async\" width=\"1000\" height=\"999\" src=\"https:\/\/thepostrace.com\/wp-content\/uploads\/2021\/11\/GR20-Comtemporain-jaune-sable-perso-cadre-refuge.jpg\" alt=\"GR20 Corse Affiche\" srcset=\"https:\/\/thepostrace.com\/wp-content\/uploads\/2021\/11\/GR20-Comtemporain-jaune-sable-perso-cadre-refuge.jpg 1000w, https:\/\/thepostrace.com\/wp-content\/uploads\/2021\/11\/GR20-Comtemporain-jaune-sable-perso-cadre-refuge-300x300.jpg 300w, https:\/\/thepostrace.com\/wp-content\/uploads\/2021\/11\/GR20-Comtemporain-jaune-sable-perso-cadre-refuge-150x150.jpg 150w, https:\/\/thepostrace.com\/wp-content\/uploads\/2021\/11\/GR20-Comtemporain-jaune-sable-perso-cadre-refuge-768x767.jpg 768w, https:\/\/thepostrace.com\/wp-content\/uploads\/2021\/11\/GR20-Comtemporain-jaune-sable-perso-cadre-refuge-600x599.jpg 600w, https:\/\/thepostrace.com\/wp-content\/uploads\/2021\/11\/GR20-Comtemporain-jaune-sable-perso-cadre-refuge-100x100.jpg 100w\" sizes=\"(max-width: 1000px) 100vw, 1000px\" title=\"\">\t\t\t\t\t\t\t\t\t\t\t\t\t<\/p>\n<h2>Unsere Geschichte<\/h2>\n<p>The Post Trace ist die Geschichte von zwei Freunden mit einer Leidenschaft f\u00fcr den Radsport. Dann, am Ende ihrer bescheidenen Karrieren,   haben sie eine Vorliebe f\u00fcr die <strong>Entdeckung neuer Landschaften<\/strong> bei allen Arten von Outdoor-Sportarten in ganz Frankreich und den Nachbarl\u00e4ndern entwickelt. Was f\u00fcr ein sch\u00f6ner Spielplatz! <\/p>\n<p>Bei diesem Wunsch, neue Gebiete zu entdecken, sind Vorbereitung, Routenplanung und Kartierung unerl\u00e4sslich, ebenso wie die Analyse nach der Veranstaltung. Sie haben Stunden damit verbracht, <strong>topografische Karten zu analysieren<\/strong>, gpx-Routen zu verfolgen, sie in ihr GPS zu importieren und dann die Routen und Leistungen auf digitalen Tools wie Strava zu analysieren. Aber in den Netzwerken sind unsere Aktionen fl\u00fcchtig&#8230;  <\/p>\n<p>Nach einem Test mit ihren Sportfreunden haben sie beschlossen, ein neues Abenteuer zu starten, das sie auf eine Reise durch <strong>Ihre Erinnerungen, Ihre Heldentaten<\/strong> mitnimmt.<\/p>\n<h3>\n\t\t\t\t\t\t\tAktie<br \/>\n\t\t\t\t\t<\/h3>\n<p>\n\t\t\t\t\t\tWir m\u00f6chten Sie ermutigen, Ihre Emotionen mitzuteilen, damit Sie oder Ihre Lieben in ihrem Bestreben, \u00fcber sich selbst hinauszuwachsen, oder einfach bei der Erkundung der Landschaft und ihres K\u00f6rpers weitergehen k\u00f6nnen.\t\t\t\t\t<\/p>\n<h3>\n\t\t\t\t\t\t\tPers\u00f6nliches Wohlbefinden<br \/>\n\t\t\t\t\t<\/h3>\n<p>\n\t\t\t\t\t\tWir bringen Ihnen Produkte und Inhalte, die Ihre Stimmung jeden Tag verbessern und Sie stolz und gl\u00fccklich machen, sobald Sie sie ansehen.  \t\t\t\t\t<\/p>\n<h3>\n\t\t\t\t\t\t\tEmanzipation<br \/>\n\t\t\t\t\t<\/h3>\n<p>\n\t\t\t\t\t\tWir m\u00f6chten die Menschen dazu inspirieren, Selbstvertrauen und Selbstwertgef\u00fchl aufzubauen.  <br \/>Wir m\u00f6chten der Ort sein, an den jeder kommt, um zu feiern oder sich selbst zu \u00fcbertreffen.\t\t\t\t\t<\/p>\n<h3>\n\t\t\t\t\t\t\tSchutz<br \/>\n\t\t\t\t\t<\/h3>\n<p>\n\t\t\t\t\t\tDurch unsere kleinen Gesten m\u00f6chten wir Ihren Spielplatz, Ihr Ausdrucksfeld, bewahren. Deshalb w\u00e4hlen wir umweltfreundliche Materialien. \t\t\t\t\t<\/p>\n<h2>Unser Team :<\/h2>\n<p style=\"text-align: center;\">Wir sind ein kleines Team, 100% franz\u00f6sisch, 100% in der Region Rh\u00f4ne Alpes ans\u00e4ssig und 100% zu Ihren Diensten.<\/p>\n<p>\t\t\t\t\t\t\t\t\t\t\t\t\t<img decoding=\"async\" src=\"https:\/\/thepostrace.com\/wp-content\/uploads\/2023\/01\/mathilde-matthias-marathon-de-Paris.jpg\" title=\"mathilde-&#038;-matthias-marathon-de-Paris\" alt=\"mathilde et matthias the post trace\" loading=\"lazy\" \/>\t\t\t\t\t\t\t\t\t\t\t\t\t<\/p>\n<p><b>Matthias (unser Gr\u00fcnder)<\/b> ist ein echter Outdoor-Sport-Enthusiast. Als ehemaliger Radrennfahrer auf nationaler Ebene hat er viele Jahre damit verbracht, die sch\u00f6nen Regionen Frankreichs zu bereisen. Eine gro\u00dfartige M\u00f6glichkeit, Ihre Liebe zur Kartografie zu entwickeln. Egal, ob Sie mit dem Rennrad, Mountainbike, Trailbike, Stra\u00dfenlauf, Langlaufski, Trailbike, Wandern oder Trekking unterwegs sind, er ist immer f\u00fcr ein neues Abenteuer zu haben!   <\/p>\n<p><strong>Mathilde (unsere Mitbegr\u00fcnderin)<\/strong> ist s\u00fcchtig nach Laufen und Sport im Freien im Allgemeinen. Mathilde ist eine begeisterte Wanderin, seit sie laufen kann, und seit ihrer Kindheit auch eine begeisterte Skifahrerin. Sie begann 2017 mit dem Laufen, mit dem Ziel, 4 Monate sp\u00e4ter einen Marathon in unter 4 Stunden zu absolvieren. Seitdem ist sie fast jeden Tag auf den Stra\u00dfen und Wegen unterwegs!   <br \/>Als Naturliebhaberin braucht sie nicht lange, um sich zu einem Abenteuer \u00fcberreden zu lassen!<\/p>\n<p>A eu deux, zus\u00e4tzlich zu den 536 km, die Sie mit dem Fahrrad oder zu Fu\u00df zur\u00fccklegen m\u00fcssen, um Ihre Plakate im Jahr 2022 auszuliefern, ist es :<\/p>\n<ul>\n<li>3 Marathons (Paris x2 und Amsterdam)<\/li>\n<li>2 Saint\u00e9lyon,<\/li>\n<li>2 Greenweez Maxi-Rennen<\/li>\n<li>2 Lyon-Halbmarathons<\/li>\n<li>1 GR20 (Korsika)<\/li>\n<li>1 GRR2 (R\u00e9union)<\/li>\n<li>1 TMB<\/li>\n<li>1 Embrunman<\/li>\n<li>1 Tour-Etappe<\/li>\n<\/ul>\n<p>Und viele andere Sportausfl\u00fcge in verschiedenen Regionen\/L\u00e4ndern.<\/p>\n<p>Wie Sie sehen, sind wir nur zu zweit im Team von The Post Trace. Wir sind stolz darauf, ein kleines Outdoor-Sportteam zu sein, das es uns erm\u00f6glicht, nah an unseren Kunden zu sein und auf ihre Bed\u00fcrfnisse einzugehen. <\/p>\n","protected":false},"excerpt":{"rendered":"<p>\u00dcber uns The Post Trace wurde geschaffen, um Sie zu ermutigen, Ihre sch\u00f6nsten Erinnerungen und sportlichen Leistungen auf vielf\u00e4ltige Weise zu pr\u00e4sentieren. Wir glauben, dass Ihre wertvollsten sportlichen Momente es verdienen, t\u00e4glich von Ihnen und Ihren Lieben gefeiert zu werden. Unser Auftrag Unser Ziel ist es, jedem einzigartige Sportprodukte zur Verf\u00fcgung zu stellen, die das [&hellip;]<\/p>\n","protected":false},"author":1,"featured_media":0,"parent":0,"menu_order":0,"comment_status":"closed","ping_status":"closed","template":"elementor_header_footer","meta":{"_acf_changed":false,"site-sidebar-layout":"no-sidebar","site-content-layout":"page-builder","ast-site-content-layout":"full-width-container","site-content-style":"unboxed","site-sidebar-style":"unboxed","ast-global-header-display":"","ast-banner-title-visibility":"","ast-main-header-display":"","ast-hfb-above-header-display":"","ast-hfb-below-header-display":"","ast-hfb-mobile-header-display":"","site-post-title":"disabled","ast-breadcrumbs-content":"disabled","ast-featured-img":"disabled","footer-sml-layout":"","ast-disable-related-posts":"","theme-transparent-header-meta":"default","adv-header-id-meta":"","stick-header-meta":"","header-above-stick-meta":"","header-main-stick-meta":"","header-below-stick-meta":"","astra-migrate-meta-layouts":"default","ast-page-background-enabled":"default","ast-page-background-meta":{"desktop":{"background-color":"var(--ast-global-color-4)","background-image":"","background-repeat":"repeat","background-position":"center center","background-size":"auto","background-attachment":"scroll","background-type":"","background-media":"","overlay-type":"","overlay-color":"","overlay-opacity":"","overlay-gradient":""},"tablet":{"background-color":"","background-image":"","background-repeat":"repeat","background-position":"center center","background-size":"auto","background-attachment":"scroll","background-type":"","background-media":"","overlay-type":"","overlay-color":"","overlay-opacity":"","overlay-gradient":""},"mobile":{"background-color":"","background-image":"","background-repeat":"repeat","background-position":"center center","background-size":"auto","background-attachment":"scroll","background-type":"","background-media":"","overlay-type":"","overlay-color":"","overlay-opacity":"","overlay-gradient":""}},"ast-content-background-meta":{"desktop":{"background-color":"var(--ast-global-color-5)","background-image":"","background-repeat":"repeat","background-position":"center center","background-size":"auto","background-attachment":"scroll","background-type":"","background-media":"","overlay-type":"","overlay-color":"","overlay-opacity":"","overlay-gradient":""},"tablet":{"background-color":"var(--ast-global-color-5)","background-image":"","background-repeat":"repeat","background-position":"center center","background-size":"auto","background-attachment":"scroll","background-type":"","background-media":"","overlay-type":"","overlay-color":"","overlay-opacity":"","overlay-gradient":""},"mobile":{"background-color":"var(--ast-global-color-5)","background-image":"","background-repeat":"repeat","background-position":"center center","background-size":"auto","background-attachment":"scroll","background-type":"","background-media":"","overlay-type":"","overlay-color":"","overlay-opacity":"","overlay-gradient":""}},"footnotes":""},"class_list":["post-27750","page","type-page","status-publish","hentry"],"acf":[],"_links":{"self":[{"href":"https:\/\/thepostrace.com\/de\/wp-json\/wp\/v2\/pages\/27750","targetHints":{"allow":["GET"]}}],"collection":[{"href":"https:\/\/thepostrace.com\/de\/wp-json\/wp\/v2\/pages"}],"about":[{"href":"https:\/\/thepostrace.com\/de\/wp-json\/wp\/v2\/types\/page"}],"author":[{"embeddable":true,"href":"https:\/\/thepostrace.com\/de\/wp-json\/wp\/v2\/users\/1"}],"replies":[{"embeddable":true,"href":"https:\/\/thepostrace.com\/de\/wp-json\/wp\/v2\/comments?post=27750"}],"version-history":[{"count":1,"href":"https:\/\/thepostrace.com\/de\/wp-json\/wp\/v2\/pages\/27750\/revisions"}],"predecessor-version":[{"id":27763,"href":"https:\/\/thepostrace.com\/de\/wp-json\/wp\/v2\/pages\/27750\/revisions\/27763"}],"wp:attachment":[{"href":"https:\/\/thepostrace.com\/de\/wp-json\/wp\/v2\/media?parent=27750"}],"curies":[{"name":"wp","href":"https:\/\/api.w.org\/{rel}","templated":true}]}}