{"id":27813,"date":"2021-10-12T23:48:23","date_gmt":"2021-10-12T21:48:23","guid":{"rendered":"https:\/\/thepostrace.com\/verkaufsbedingungen-und-konditionen\/"},"modified":"2025-07-24T08:38:07","modified_gmt":"2025-07-24T06:38:07","slug":"conditions-generales-de-ventes","status":"publish","type":"page","link":"https:\/\/thepostrace.com\/de\/conditions-generales-de-ventes\/","title":{"rendered":"ALLGEMEINE GESCH\u00c4FTSBEDINGUNGEN"},"content":{"rendered":"\t\t<div data-elementor-type=\"wp-page\" data-elementor-id=\"27813\" class=\"elementor elementor-27813 elementor-1275\" data-elementor-post-type=\"page\">\n\t\t\t\t\t\t<section data-particle_enable=\"false\" data-particle-mobile-disabled=\"false\" class=\"elementor-section elementor-top-section elementor-element elementor-element-7495561 elementor-section-boxed elementor-section-height-default elementor-section-height-default\" data-id=\"7495561\" data-element_type=\"section\" data-e-type=\"section\">\n\t\t\t\t\t\t<div class=\"elementor-container elementor-column-gap-default\">\n\t\t\t\t\t<div class=\"elementor-column elementor-col-100 elementor-top-column elementor-element elementor-element-a0f1522\" data-id=\"a0f1522\" data-element_type=\"column\" data-e-type=\"column\">\n\t\t\t<div class=\"elementor-widget-wrap elementor-element-populated\">\n\t\t\t\t\t\t<div class=\"elementor-element elementor-element-ba5734d elementor-widget elementor-widget-text-editor\" data-id=\"ba5734d\" data-element_type=\"widget\" data-e-type=\"widget\" data-widget_type=\"text-editor.default\">\n\t\t\t\t<div class=\"elementor-widget-container\">\n\t\t\t\t\t\t\t\t\t<h1 data-start=\"232\" data-end=\"282\">Allgemeine Nutzungs- und Verkaufsbedingungen<\/h1><p data-start=\"283\" data-end=\"364\"><strong data-start=\"283\" data-end=\"314\">der Website <a href=\"http:\/\/www.thepostrace.com\" target=\"_new\" rel=\"noopener\" data-start=\"293\" data-end=\"312\">www.thepostrace.com<\/a><\/strong><br data-start=\"314\" data-end=\"317\"><strong data-start=\"317\" data-end=\"364\">Datum der letzten Aktualisierung: 24. M\u00e4rz 2025<\/strong><\/p><hr data-start=\"366\" data-end=\"369\"><h2 data-start=\"371\" data-end=\"388\">1. Allgemeines<\/h2><p data-start=\"390\" data-end=\"680\">Die vorliegenden Allgemeinen Gesch\u00e4ftsbedingungen regeln die Nutzung der Website <a href=\"http:\/\/www.thepostrace.com\" target=\"_new\" rel=\"noopener\" data-start=\"457\" data-end=\"476\">www.thepostrace.com.<\/a><br data-start=\"477\" data-end=\"480\">Diese Website geh\u00f6rt der <strong data-start=\"518\" data-end=\"537\">SAS Trace Group<\/strong>, eingetragen im Handelsregister Lyon unter der Nummer <strong data-start=\"582\" data-end=\"597\">942 311 770<\/strong>, mit Sitz in <strong data-start=\"630\" data-end=\"679\">56 rue des Margnolles, 69300 Caluire-et-Cuire<\/strong>, und wird von ihr verwaltet.<\/p><p data-start=\"682\" data-end=\"827\">Durch die Nutzung dieser Website erkl\u00e4ren Sie, dass Sie die Nutzungsbedingungen gelesen und verstanden haben und dass Sie sich damit einverstanden erkl\u00e4ren, sie jederzeit einzuhalten.<\/p><p data-start=\"829\" data-end=\"858\"><strong data-start=\"829\" data-end=\"858\">Art der Webseite: e-commerce<\/strong><\/p><hr data-start=\"860\" data-end=\"863\"><h2 data-start=\"865\" data-end=\"895\">2. Geistiges Eigentum<\/h2><p data-start=\"897\" data-end=\"1185\">Alle auf dieser Website ver\u00f6ffentlichten und zur Verf\u00fcgung gestellten Inhalte sind das alleinige Eigentum der <strong data-start=\"983\" data-end=\"1002\">SAS Trace Group<\/strong> und ihrer Sch\u00f6pfer. Dies umfasst, ist aber nicht beschr\u00e4nkt auf Bilder, Texte, Logos, Dokumente, herunterladbare Dateien und alle Elemente, die zur Struktur und zum Inhalt der Website beitragen. <\/p><hr data-start=\"1187\" data-end=\"1190\"><h2 data-start=\"1192\" data-end=\"1205\">3. Konten<\/h2><p data-start=\"1207\" data-end=\"1267\">Wenn Sie auf unserer Website ein Konto einrichten, erkl\u00e4ren Sie sich damit einverstanden, dass :<\/p><ul data-start=\"1269\" data-end=\"1451\"><li data-start=\"1269\" data-end=\"1362\">die alleinige Verantwortung f\u00fcr Ihr Konto, einschlie\u00dflich seiner Sicherheit und Vertraulichkeit, zu \u00fcbernehmen,<\/li><li data-start=\"1363\" data-end=\"1451\">dass alle pers\u00f6nlichen Informationen, die Sie zur Verf\u00fcgung stellen, korrekt, aktuell und vollst\u00e4ndig sind.<\/li><\/ul><p data-start=\"1453\" data-end=\"1581\">Wir behalten uns das Recht vor, ein Konto zu sperren oder zu l\u00f6schen, wenn die Nutzung unserer Website illegal oder nicht bestimmungsgem\u00e4\u00df ist.<\/p><hr data-start=\"1583\" data-end=\"1586\"><h2 data-start=\"1588\" data-end=\"1609\">4. Verkauf der Immobilie<\/h2><p data-start=\"1611\" data-end=\"1678\">Zu den Produkten, die auf <a href=\"http:\/\/www.thepostrace.com\" target=\"_new\" rel=\"noopener\" data-start=\"1648\" data-end=\"1667\">www.thepostrace.com<\/a> zum Verkauf angeboten werden, geh\u00f6ren:<\/p><ul data-start=\"1680\" data-end=\"1740\"><li data-start=\"1680\" data-end=\"1700\"><a href=\"https:\/\/thepostrace.com\/affiche-de-course\/\">Sportplakate<\/a><\/li><li data-start=\"1701\" data-end=\"1721\">Sportliche Souvenirs<\/li><li data-start=\"1722\" data-end=\"1740\">Sportposter<\/li><\/ul><p data-start=\"1742\" data-end=\"1947\">Diese Produkte werden so genau wie m\u00f6glich dargestellt. Die beschreibenden Texte, Bilder und personalisierten Bilder sind jedoch unverbindlich und k\u00f6nnen Ungenauigkeiten enthalten. <\/p><p data-start=\"1949\" data-end=\"2291\"><strong data-start=\"1949\" data-end=\"2129\">\u26a0\ufe0f Die SAS Trace Group \u00fcbernimmt keine Verantwortung f\u00fcr den Inhalt der Poster oder personalisierten Produkte, unabh\u00e4ngig davon, ob es sich um Texte oder Bilder handelt, die vom Nutzer zur Verf\u00fcgung gestellt werden.<\/strong><br data-start=\"2129\" data-end=\"2132\">Es obliegt dem Kunden, sicherzustellen, dass die importierten Inhalte nicht die Rechte Dritter verletzen (Urheberrecht, Bild, Privatsph\u00e4re usw.).<\/p><p data-start=\"2293\" data-end=\"2341\">Sie kaufen unsere Produkte auf Ihr eigenes Risiko.<\/p><hr data-start=\"2343\" data-end=\"2346\"><h2 data-start=\"2348\" data-end=\"2362\">5. Zahlung<\/h2><p data-start=\"2364\" data-end=\"2412\">Wir akzeptieren die folgenden Zahlungsmethoden:<\/p><ul data-start=\"2414\" data-end=\"2443\"><li data-start=\"2414\" data-end=\"2432\">Bankkarte<\/li><li data-start=\"2433\" data-end=\"2443\">PayPal<\/li><\/ul><p data-start=\"2445\" data-end=\"2666\">Wenn Sie eine Zahlung t\u00e4tigen, garantieren Sie, dass Sie zur Nutzung des verwendeten Zahlungsinstruments berechtigt sind. Bei Verdacht auf Betrug oder nicht autorisierte Nutzung behalten wir uns das Recht vor, die Transaktion zu stornieren. <\/p><hr data-start=\"2668\" data-end=\"2671\"><h2 data-start=\"2673\" data-end=\"2688\">6. Lieferung<\/h2><p data-start=\"2690\" data-end=\"2947\">Mit Ihrer Bestellung erkl\u00e4ren Sie sich damit einverstanden, eine g\u00fcltige E-Mail-Adresse und Lieferadresse anzugeben.<br data-start=\"2784\" data-end=\"2787\">Wir behalten uns das Recht vor, jede Bestellung zu \u00e4ndern oder zu stornieren, falls dies erforderlich sein sollte. Im Falle einer Stornierung nach erfolgter Zahlung wird der volle Betrag zur\u00fcckerstattet. <\/p><p data-start=\"2949\" data-end=\"3032\">Die Lieferzeiten und -kosten sind Sch\u00e4tzungen und k\u00f6nnen variieren.<\/p><hr data-start=\"3034\" data-end=\"3037\"><h2 data-start=\"3039\" data-end=\"3077\">7. Widerrufsrecht und R\u00fcckgabe<\/h2><h3 data-start=\"3079\" data-end=\"3096\">R\u00fcckerstattung<\/h3><p data-start=\"3098\" data-end=\"3156\">Eine Erstattung kann in den folgenden F\u00e4llen beantragt werden:<\/p><ul data-start=\"3158\" data-end=\"3231\"><li data-start=\"3158\" data-end=\"3173\">Kaputtes Produkt<\/li><li data-start=\"3174\" data-end=\"3213\">Produkt entspricht nicht der Beschreibung<\/li><li data-start=\"3214\" data-end=\"3231\">Falsche Gr\u00f6\u00dfe<\/li><\/ul><p data-start=\"3233\" data-end=\"3306\">Der Antrag muss innerhalb von <strong data-start=\"3277\" data-end=\"3289\">30 Tagen<\/strong> nach Erhalt gestellt werden.<\/p><p data-start=\"3308\" data-end=\"3515\"><strong data-start=\"3308\" data-end=\"3350\">\u26a0\ufe0f Ausnahmen vom Widerrufsrecht<\/strong><br data-start=\"3350\" data-end=\"3353\">Gem\u00e4\u00df Artikel L221-28 des Verbraucherschutzgesetzes k\u00f6nnen personalisierte Produkte (z.B. Poster oder Puzzles, die nach Ma\u00df angefertigt wurden) <strong data-start=\"3485\" data-end=\"3514\">nicht erstattet werden<\/strong>.<\/p><h3 data-start=\"3517\" data-end=\"3528\">R\u00fccksendung<\/h3><p data-start=\"3530\" data-end=\"3935\">Sie haben 30 Tage Zeit, um The Post Trace \u00fcber Ihren Widerruf zu informieren (au\u00dfer bei personalisierten Produkten), und weitere 30 Tage, um die Waren zur\u00fcckzusenden.<br data-start=\"3717\" data-end=\"3720\">Die R\u00fccksendekosten gehen zu Lasten des K\u00e4ufers.<br data-start=\"3771\" data-end=\"3774\">Die R\u00fcckerstattung erfolgt innerhalb von 10 Tagen nach Erhalt der zur\u00fcckgesandten Produkte \u00fcber das gleiche Zahlungsmittel, das beim Kauf verwendet wurde.<\/p><hr data-start=\"3937\" data-end=\"3940\"><h2 data-start=\"3942\" data-end=\"3976\">8. Beschr\u00e4nkung der Haftung<\/h2><p data-start=\"3978\" data-end=\"4150\">Die SAS Trace Group, ihr Vorsitzender oder ihre Angestellten k\u00f6nnen nicht f\u00fcr Sch\u00e4den haftbar gemacht werden, die aus einer unsachgem\u00e4\u00dfen Nutzung der Website oder der angebotenen Dienstleistungen resultieren.<\/p><hr data-start=\"4152\" data-end=\"4155\"><h2 data-start=\"4157\" data-end=\"4176\">9. Entsch\u00e4digung<\/h2><p data-start=\"4178\" data-end=\"4340\">Durch die Nutzung dieser Website erkl\u00e4ren Sie sich damit einverstanden, SAS Trace Group f\u00fcr alle Verluste, Haftung oder Kosten zu entsch\u00e4digen, die aus einer nicht ordnungsgem\u00e4\u00dfen Nutzung Ihrerseits entstehen.<\/p><hr data-start=\"4342\" data-end=\"4345\"><h2 data-start=\"4347\" data-end=\"4370\">10. Anwendbare Gesetze<\/h2><p data-start=\"4372\" data-end=\"4524\">Die vorliegenden Bedingungen unterliegen dem franz\u00f6sischen Recht.<br data-start=\"4438\" data-end=\"4441\">Die Website entspricht der <strong data-start=\"4465\" data-end=\"4523\">Allgemeinen Datenschutzverordnung (DSGVO<\/strong>).<\/p><hr data-start=\"4526\" data-end=\"4529\"><h2 data-start=\"4531\" data-end=\"4550\">11. Teilbarkeit<\/h2><p data-start=\"4552\" data-end=\"4685\">Sollte eine Bestimmung dieser AGB\/CU f\u00fcr ung\u00fcltig oder nicht durchsetzbar befunden werden, so hat dies keinen Einfluss auf die G\u00fcltigkeit der \u00fcbrigen Bestimmungen.<\/p><hr data-start=\"4687\" data-end=\"4690\"><h2 data-start=\"4692\" data-end=\"4712\">12. \u00c4nderungen<\/h2><p data-start=\"4714\" data-end=\"4960\">Wir behalten uns das Recht vor, diese Bedingungen jederzeit zu \u00e4ndern.<br data-start=\"4784\" data-end=\"4787\">Die Nutzer werden gebeten, diese Seite regelm\u00e4\u00dfig zu \u00fcberpr\u00fcfen. Bei gr\u00f6\u00dferen \u00c4nderungen kann eine Benachrichtigung per E-Mail erfolgen oder auf der Website ver\u00f6ffentlicht werden. <\/p><hr data-start=\"4962\" data-end=\"4965\"><h2 data-start=\"4967\" data-end=\"4981\">13. Kontakt<\/h2><p data-start=\"4983\" data-end=\"5084\">\ud83d\udce7 <strong data-start=\"4986\" data-end=\"5011\"><a rel=\"noopener\" data-start=\"4988\" data-end=\"5009\">thepostrace@gmail.com<\/a><\/strong><br data-start=\"5011\" data-end=\"5014\">\ud83d\udcee S <strong data-start=\"5017\" data-end=\"5036\">AS Trace Group<\/strong><br data-start=\"5036\" data-end=\"5039\">56 Rue des Margnolles, 69300 Caluire-et-Cuire<\/p>\t\t\t\t\t\t\t\t<\/div>\n\t\t\t\t<\/div>\n\t\t\t\t\t<\/div>\n\t\t<\/div>\n\t\t\t\t\t<\/div>\n\t\t<\/section>\n\t\t\t\t<\/div>\n\t\t","protected":false},"excerpt":{"rendered":"<p>Allgemeine Nutzungs- und Verkaufsbedingungen der Website www.thepostrace.comDatum der letzten Aktualisierung: 24. M\u00e4rz 2025 1. Allgemeines Die vorliegenden Allgemeinen Gesch\u00e4ftsbedingungen regeln die Nutzung der Website www.thepostrace.com.Diese Website geh\u00f6rt der SAS Trace Group, eingetragen im Handelsregister Lyon unter der Nummer 942 311 770, mit Sitz in 56 rue des Margnolles, 69300 Caluire-et-Cuire, und wird von ihr verwaltet. [&hellip;]<\/p>\n","protected":false},"author":1,"featured_media":0,"parent":0,"menu_order":0,"comment_status":"closed","ping_status":"closed","template":"","meta":{"_acf_changed":false,"site-sidebar-layout":"no-sidebar","site-content-layout":"page-builder","ast-site-content-layout":"default","site-content-style":"default","site-sidebar-style":"default","ast-global-header-display":"","ast-banner-title-visibility":"","ast-main-header-display":"","ast-hfb-above-header-display":"","ast-hfb-below-header-display":"","ast-hfb-mobile-header-display":"","site-post-title":"disabled","ast-breadcrumbs-content":"","ast-featured-img":"disabled","footer-sml-layout":"","ast-disable-related-posts":"","theme-transparent-header-meta":"default","adv-header-id-meta":"","stick-header-meta":"","header-above-stick-meta":"","header-main-stick-meta":"","header-below-stick-meta":"","astra-migrate-meta-layouts":"default","ast-page-background-enabled":"default","ast-page-background-meta":{"desktop":{"background-color":"var(--ast-global-color-4)","background-image":"","background-repeat":"repeat","background-position":"center center","background-size":"auto","background-attachment":"scroll","background-type":"","background-media":"","overlay-type":"","overlay-color":"","overlay-opacity":"","overlay-gradient":""},"tablet":{"background-color":"","background-image":"","background-repeat":"repeat","background-position":"center center","background-size":"auto","background-attachment":"scroll","background-type":"","background-media":"","overlay-type":"","overlay-color":"","overlay-opacity":"","overlay-gradient":""},"mobile":{"background-color":"","background-image":"","background-repeat":"repeat","background-position":"center center","background-size":"auto","background-attachment":"scroll","background-type":"","background-media":"","overlay-type":"","overlay-color":"","overlay-opacity":"","overlay-gradient":""}},"ast-content-background-meta":{"desktop":{"background-color":"var(--ast-global-color-5)","background-image":"","background-repeat":"repeat","background-position":"center center","background-size":"auto","background-attachment":"scroll","background-type":"","background-media":"","overlay-type":"","overlay-color":"","overlay-opacity":"","overlay-gradient":""},"tablet":{"background-color":"var(--ast-global-color-5)","background-image":"","background-repeat":"repeat","background-position":"center center","background-size":"auto","background-attachment":"scroll","background-type":"","background-media":"","overlay-type":"","overlay-color":"","overlay-opacity":"","overlay-gradient":""},"mobile":{"background-color":"var(--ast-global-color-5)","background-image":"","background-repeat":"repeat","background-position":"center center","background-size":"auto","background-attachment":"scroll","background-type":"","background-media":"","overlay-type":"","overlay-color":"","overlay-opacity":"","overlay-gradient":""}},"footnotes":""},"class_list":["post-27813","page","type-page","status-publish","hentry"],"acf":[],"_links":{"self":[{"href":"https:\/\/thepostrace.com\/de\/wp-json\/wp\/v2\/pages\/27813","targetHints":{"allow":["GET"]}}],"collection":[{"href":"https:\/\/thepostrace.com\/de\/wp-json\/wp\/v2\/pages"}],"about":[{"href":"https:\/\/thepostrace.com\/de\/wp-json\/wp\/v2\/types\/page"}],"author":[{"embeddable":true,"href":"https:\/\/thepostrace.com\/de\/wp-json\/wp\/v2\/users\/1"}],"replies":[{"embeddable":true,"href":"https:\/\/thepostrace.com\/de\/wp-json\/wp\/v2\/comments?post=27813"}],"version-history":[{"count":3,"href":"https:\/\/thepostrace.com\/de\/wp-json\/wp\/v2\/pages\/27813\/revisions"}],"predecessor-version":[{"id":42650,"href":"https:\/\/thepostrace.com\/de\/wp-json\/wp\/v2\/pages\/27813\/revisions\/42650"}],"wp:attachment":[{"href":"https:\/\/thepostrace.com\/de\/wp-json\/wp\/v2\/media?parent=27813"}],"curies":[{"name":"wp","href":"https:\/\/api.w.org\/{rel}","templated":true}]}}