{"id":52756,"date":"2025-12-29T17:56:07","date_gmt":"2025-12-29T16:56:07","guid":{"rendered":"https:\/\/thepostrace.com\/?post_type=product&#038;p=52756"},"modified":"2025-12-30T23:21:43","modified_gmt":"2025-12-30T22:21:43","slug":"gutsmuths-rennsteiglauf","status":"publish","type":"product","link":"https:\/\/thepostrace.com\/de\/la-galerie\/plakat-trail\/gutsmuths-rennsteiglauf\/","title":{"rendered":"Poster GutsMuths Rennsteiglauf"},"content":{"rendered":"<h3 data-path-to-node=\"2\"><b data-path-to-node=\"2\" data-index-in-node=\"0\">Dein Erinnerungsposter vom GutsMuths Rennsteiglauf<\/b><\/h3>\n<p data-path-to-node=\"3\">Dieser Design-Kunstdruck deiner Strecke l\u00e4sst sich vollst\u00e4ndig personalisieren, um deine eigene Leistung perfekt widerzuspiegeln. Erh\u00e4ltlich in verschiedenen Gr\u00f6\u00dfen sowie mit unterschiedlichen Farboptionen f\u00fcr Hintergrund und Streckenverlauf, passt er ideal zu deiner Inneneinrichtung.<\/p>\n<p data-path-to-node=\"4\"><b data-path-to-node=\"4\" data-index-in-node=\"0\">In wenigen Sekunden personalisiert:<\/b> W\u00e4hle die Textfelder aus und f\u00fcge deine Daten hinzu:<\/p>\n<ul data-path-to-node=\"5\">\n<li>\n<p data-path-to-node=\"5,0,0\"><b data-path-to-node=\"5,0,0\" data-index-in-node=\"0\">Vor- und Nachname<\/b><\/p>\n<\/li>\n<li>\n<p data-path-to-node=\"5,1,0\"><b data-path-to-node=\"5,1,0\" data-index-in-node=\"0\">Startnummer<\/b><\/p>\n<\/li>\n<li>\n<p data-path-to-node=\"5,2,0\"><b data-path-to-node=\"5,2,0\" data-index-in-node=\"0\">Finisher-Zeit<\/b><\/p>\n<\/li>\n<li>\n<p data-path-to-node=\"5,3,0\"><b data-path-to-node=\"5,3,0\" data-index-in-node=\"0\">Ein pers\u00f6nliches Foto (optional)<\/b>, um dein einzigartiges Poster vom <b data-path-to-node=\"5,3,0\" data-index-in-node=\"67\">GutsMuths Rennsteiglauf<\/b> zu erstellen.<\/p>\n<\/li>\n<\/ul>\n<h3 data-path-to-node=\"7\"><b data-path-to-node=\"7\" data-index-in-node=\"0\">Das ideale Geschenk f\u00fcr Outdoor-Begeisterte<\/b><\/h3>\n<p data-path-to-node=\"8\">Egal ob L\u00e4ufer, Radfahrer oder Wanderer \u2013 das personalisierte Poster vom <b data-path-to-node=\"8\" data-index-in-node=\"73\">GutsMuths Rennsteiglauf<\/b> ist die bleibende Erinnerung an ein unvergessliches menschliches Abenteuer. Es ist die perfekte Aufmerksamkeit zum Geburtstag, zum Saisonabschluss oder zur Feier einer neuen pers\u00f6nlichen Bestzeit.<\/p>\n<h3 data-path-to-node=\"10\"><b data-path-to-node=\"10\" data-index-in-node=\"0\">Qualit\u00e4t &amp; Nachhaltigkeit<\/b><\/h3>\n<p data-path-to-node=\"11\"><b data-path-to-node=\"11\" data-index-in-node=\"0\">Umweltbewusstes Handeln:<\/b> Unsere Poster werden in Europa entworfen und in Deutschland gedruckt, um unseren CO2-Fu\u00dfabdruck so gering wie m\u00f6glich zu halten.<\/p>\n<p data-path-to-node=\"12\"><b data-path-to-node=\"12\" data-index-in-node=\"0\">Premium-Druckqualit\u00e4t:<\/b><\/p>\n<ul data-path-to-node=\"13\">\n<li>\n<p data-path-to-node=\"13,0,0\"><b data-path-to-node=\"13,0,0\" data-index-in-node=\"0\">Hochwertiger Druck:<\/b> 300 dpi f\u00fcr maximale Sch\u00e4rfe.<\/p>\n<\/li>\n<li>\n<p data-path-to-node=\"13,1,0\"><b data-path-to-node=\"13,1,0\" data-index-in-node=\"0\">Exklusives Papier:<\/b> \u00dcber 200 g\/m\u00b2 f\u00fcr eine edle Haptik.<\/p>\n<\/li>\n<\/ul>\n<p data-path-to-node=\"14\"><b data-path-to-node=\"14\" data-index-in-node=\"0\">W\u00e4hle die passende Gr\u00f6\u00dfe f\u00fcr dein Zuhause:<\/b><\/p>\n<ul data-path-to-node=\"15\">\n<li>\n<p data-path-to-node=\"15,0,0\"><b data-path-to-node=\"15,0,0\" data-index-in-node=\"0\">Extra gro\u00dfes Format:<\/b> 50 x 70 cm<\/p>\n<\/li>\n<li>\n<p data-path-to-node=\"15,1,0\"><b data-path-to-node=\"15,1,0\" data-index-in-node=\"0\">Gro\u00dfformat:<\/b> 40 x 60 cm<\/p>\n<\/li>\n<li>\n<p data-path-to-node=\"15,2,0\"><b data-path-to-node=\"15,2,0\" data-index-in-node=\"0\">Standardformat:<\/b> 30 x 40 cm<\/p>\n<\/li>\n<li>\n<p data-path-to-node=\"15,3,0\"><b data-path-to-node=\"15,3,0\" data-index-in-node=\"0\">A4-Format:<\/b> 21 x 29,7 cm<\/p>\n<\/li>\n<\/ul>\n<h3 data-path-to-node=\"17\"><b data-path-to-node=\"17\" data-index-in-node=\"0\">Wichtige Hinweise zu unseren Postern:<\/b><\/h3>\n<ul data-path-to-node=\"18\">\n<li>\n<p data-path-to-node=\"18,0,0\">Das Poster wird ohne Rahmen verkauft (Rahmen und Dekorationselemente sind nicht im Lieferumfang enthalten).<\/p>\n<\/li>\n<li>\n<p data-path-to-node=\"18,1,0\">Die Farbdarstellung kann je nach Bildschirmeinstellung leicht von den tats\u00e4chlichen Druckfarben abweichen.<\/p>\n<\/li>\n<li>\n<p data-path-to-node=\"18,2,0\">Dieses Poster ist ein Originaldesign von <b data-path-to-node=\"18,2,0\" data-index-in-node=\"41\">The Post Trace<\/b>. Es handelt sich nicht um ein offizielles Produkt und es besteht keine Verbindung zum offiziellen Veranstalter des Rennens.<\/p>\n<\/li>\n<\/ul>\n<h3 data-path-to-node=\"20\"><b data-path-to-node=\"20\" data-index-in-node=\"0\">Die Strecke des GutsMuths Rennsteiglauf:<\/b><\/h3>\n<ul data-path-to-node=\"21\">\n<li>\n<p data-path-to-node=\"21,0,0\">Die Strecke der Edition 2026<\/p>\n<\/li>\n<li>\n<p data-path-to-node=\"21,1,0\">Die Strecke der Edition 2025<\/p>\n<\/li>\n<li>\n<p data-path-to-node=\"21,2,0\">Die Strecke der Edition 2024<\/p>\n<\/li>\n<\/ul>\n<h3 data-path-to-node=\"22\"><b data-path-to-node=\"22\" data-index-in-node=\"0\">Ergebnisse des GutsMuths Rennsteiglauf:<\/b><\/h3>\n<ul data-path-to-node=\"23\">\n<li>\n<p data-path-to-node=\"23,0,0\">Ergebnisse der Edition 2026 \u2013 <b data-path-to-node=\"23,0,0\" data-index-in-node=\"30\">GutsMuths Rennsteiglauf<\/b><\/p>\n<\/li>\n<li>\n<p data-path-to-node=\"23,1,0\">Ergebnisse der Edition 2025 \u2013 <b data-path-to-node=\"23,1,0\" data-index-in-node=\"30\">GutsMuths Rennsteiglauf<\/b><\/p>\n<\/li>\n<li>\n<p data-path-to-node=\"23,2,0\">Ergebnisse der Edition 2024 \u2013 <b data-path-to-node=\"23,2,0\" data-index-in-node=\"30\">GutsMuths Rennsteiglauf<\/b><\/p>\n<\/li>\n<\/ul>\n","protected":false},"excerpt":{"rendered":"<p data-path-to-node=\"1\"><b data-path-to-node=\"1\" data-index-in-node=\"0\">Erinnerungsposter der Strecke: [acf field=\"race_name\"]<\/b> Dieser Design-Kunstdruck deines Streckenverlaufs ist in verschiedenen Gr\u00f6\u00dfen und Farben erh\u00e4ltlich. W\u00e4hle die Textfelder aus und f\u00fcge deine pers\u00f6nliche Note hinzu: Startnummer, Vor- und Nachname, deine Finisher-Zeit, ein Foto oder einen individuellen Text, um dein ganz pers\u00f6nliches Poster vom <b data-path-to-node=\"1\" data-index-in-node=\"349\">[acf field=\"race_name\"]<\/b> zu gestalten.<\/p>\n<ul data-path-to-node=\"2\">\n<li>\n<p data-path-to-node=\"2,0,0\"><b data-path-to-node=\"2,0,0\" data-index-in-node=\"0\">Vollst\u00e4ndige Personalisierung<\/b><\/p>\n<\/li>\n<li>\n<p data-path-to-node=\"2,1,0\"><b data-path-to-node=\"2,1,0\" data-index-in-node=\"0\">Hochwertiger Qualit\u00e4tsdruck<\/b><\/p>\n<\/li>\n<li>\n<p data-path-to-node=\"2,2,0\"><b data-path-to-node=\"2,2,0\" data-index-in-node=\"0\">Gedruckt in Deutschland<\/b><\/p>\n<\/li>\n<\/ul>\n<p><strong>\u00a0<\/strong><\/p>\n","protected":false},"featured_media":52806,"comment_status":"open","ping_status":"closed","template":"","meta":{"_acf_changed":false,"site-sidebar-layout":"default","site-content-layout":"default","ast-site-content-layout":"default","site-content-style":"default","site-sidebar-style":"default","ast-global-header-display":"","ast-banner-title-visibility":"","ast-main-header-display":"","ast-hfb-above-header-display":"","ast-hfb-below-header-display":"","ast-hfb-mobile-header-display":"","site-post-title":"","ast-breadcrumbs-content":"","ast-featured-img":"","footer-sml-layout":"","ast-disable-related-posts":"","theme-transparent-header-meta":"default","adv-header-id-meta":"","stick-header-meta":"","header-above-stick-meta":"","header-main-stick-meta":"","header-below-stick-meta":"","astra-migrate-meta-layouts":"set","ast-page-background-enabled":"default","ast-page-background-meta":{"desktop":{"background-color":"var(--ast-global-color-4)","background-image":"","background-repeat":"repeat","background-position":"center center","background-size":"auto","background-attachment":"scroll","background-type":"","background-media":"","overlay-type":"","overlay-color":"","overlay-opacity":"","overlay-gradient":""},"tablet":{"background-color":"","background-image":"","background-repeat":"repeat","background-position":"center center","background-size":"auto","background-attachment":"scroll","background-type":"","background-media":"","overlay-type":"","overlay-color":"","overlay-opacity":"","overlay-gradient":""},"mobile":{"background-color":"","background-image":"","background-repeat":"repeat","background-position":"center center","background-size":"auto","background-attachment":"scroll","background-type":"","background-media":"","overlay-type":"","overlay-color":"","overlay-opacity":"","overlay-gradient":""}},"ast-content-background-meta":{"desktop":{"background-color":"var(--ast-global-color-5)","background-image":"","background-repeat":"repeat","background-position":"center center","background-size":"auto","background-attachment":"scroll","background-type":"","background-media":"","overlay-type":"","overlay-color":"","overlay-opacity":"","overlay-gradient":""},"tablet":{"background-color":"var(--ast-global-color-5)","background-image":"","background-repeat":"repeat","background-position":"center center","background-size":"auto","background-attachment":"scroll","background-type":"","background-media":"","overlay-type":"","overlay-color":"","overlay-opacity":"","overlay-gradient":""},"mobile":{"background-color":"var(--ast-global-color-5)","background-image":"","background-repeat":"repeat","background-position":"center center","background-size":"auto","background-attachment":"scroll","background-type":"","background-media":"","overlay-type":"","overlay-color":"","overlay-opacity":"","overlay-gradient":""}}},"product_brand":[],"product_cat":[329,328,330],"product_tag":[331],"class_list":{"0":"post-52756","1":"product","2":"type-product","3":"status-publish","4":"has-post-thumbnail","6":"product_cat-plakat-trail","7":"product_cat-poster-laufsport","8":"product_cat-unsere-kartographierten-poster","9":"product_tag-test","10":"desktop-align-center","11":"tablet-align-left","12":"mobile-align-left","14":"first","15":"instock","16":"taxable","17":"shipping-taxable","18":"purchasable","19":"product-type-simple"},"acf":{"nom_de_la_course":"GutsMuths Rennsteiglauf","ligne_2":"#4123 Jean Peuplu","ligne_3":"","gpx_url":"https:\/\/map-generator.thepostrace.com\/de\/?trace=100-km-de-l-ultra-marin-2024","Nom_de_la_Course_Wapf":"6603d350f90b5","couleur_fond_wapf":"6603d34d8b937","couleur_de_la_trace_wapf":"6603d34d1efd1","ligne_3_wapf":"6603d34df96fd","time":"5h54'08''","time-wapf":"6603d34dae718","date":"22.08.2025","date_wapf":"","distance":"165km","distance_wapf":"","elevation":"9828m","elevation_wapf":"","avg":"","max":"","distance_run":"","distance_run_wapf":"","temps_run":"","time_run_wapf":"","json_file":"","json":"","gpx_url2":"","gpx_url3":""},"_links":{"self":[{"href":"https:\/\/thepostrace.com\/de\/wp-json\/wp\/v2\/product\/52756","targetHints":{"allow":["GET"]}}],"collection":[{"href":"https:\/\/thepostrace.com\/de\/wp-json\/wp\/v2\/product"}],"about":[{"href":"https:\/\/thepostrace.com\/de\/wp-json\/wp\/v2\/types\/product"}],"replies":[{"embeddable":true,"href":"https:\/\/thepostrace.com\/de\/wp-json\/wp\/v2\/comments?post=52756"}],"version-history":[{"count":6,"href":"https:\/\/thepostrace.com\/de\/wp-json\/wp\/v2\/product\/52756\/revisions"}],"predecessor-version":[{"id":52882,"href":"https:\/\/thepostrace.com\/de\/wp-json\/wp\/v2\/product\/52756\/revisions\/52882"}],"wp:featuredmedia":[{"embeddable":true,"href":"https:\/\/thepostrace.com\/de\/wp-json\/wp\/v2\/media\/52806"}],"wp:attachment":[{"href":"https:\/\/thepostrace.com\/de\/wp-json\/wp\/v2\/media?parent=52756"}],"wp:term":[{"taxonomy":"product_brand","embeddable":true,"href":"https:\/\/thepostrace.com\/de\/wp-json\/wp\/v2\/product_brand?post=52756"},{"taxonomy":"product_cat","embeddable":true,"href":"https:\/\/thepostrace.com\/de\/wp-json\/wp\/v2\/product_cat?post=52756"},{"taxonomy":"product_tag","embeddable":true,"href":"https:\/\/thepostrace.com\/de\/wp-json\/wp\/v2\/product_tag?post=52756"}],"curies":[{"name":"wp","href":"https:\/\/api.w.org\/{rel}","templated":true}]}}