{"id":19246,"date":"2023-06-20T14:46:20","date_gmt":"2023-06-20T12:46:20","guid":{"rendered":"https:\/\/thepostrace.com\/?post_type=product&#038;p=19246"},"modified":"2026-04-28T07:16:54","modified_gmt":"2026-04-28T05:16:54","slug":"personalized-hiking-poster","status":"publish","type":"product","link":"https:\/\/thepostrace.com\/en\/la-galerie\/custom-poster\/custom-poster-profil-rando-input\/personalized-hiking-poster\/","title":{"rendered":"Personalized Hiking Poster"},"content":{"rendered":"\t\t<div data-elementor-type=\"product-post\" data-elementor-id=\"19246\" class=\"elementor elementor-19246 elementor-11505\" data-elementor-post-type=\"product\">\n\t\t\t\t\t\t<section data-particle_enable=\"false\" data-particle-mobile-disabled=\"false\" class=\"elementor-section elementor-top-section elementor-element elementor-element-242ae673 elementor-section-boxed elementor-section-height-default elementor-section-height-default\" data-id=\"242ae673\" data-element_type=\"section\" data-e-type=\"section\">\n\t\t\t\t\t\t<div class=\"elementor-container elementor-column-gap-default\">\n\t\t\t\t\t<div class=\"elementor-column elementor-col-100 elementor-top-column elementor-element elementor-element-53eabf9\" data-id=\"53eabf9\" data-element_type=\"column\" data-e-type=\"column\">\n\t\t\t<div class=\"elementor-widget-wrap elementor-element-populated\">\n\t\t\t\t\t\t<div class=\"elementor-element elementor-element-58db6a0a elementor-widget elementor-widget-text-editor\" data-id=\"58db6a0a\" data-element_type=\"widget\" data-e-type=\"widget\" data-widget_type=\"text-editor.default\">\n\t\t\t\t<div class=\"elementor-widget-container\">\n\t\t\t\t\t\t\t\t\tUn souvenir de randonn\u00e9e \u00e0 immortaliser ? Construisez <strong>votre <a href=\"https:\/\/thepostrace.com\/affiche-sportive\/affiche-randonnee\/\" target=\"_blank\" rel=\"noopener\" data-schema-attribute=\"\">affiche randonn\u00e9e personnalis\u00e9e<\/a><\/strong> en important votre trace GPX .\r\nPour cr\u00e9er un poster sportif retra\u00e7ant les <a href=\"https:\/\/www.komoot.com\/fr-fr\/discover\/randonnees\" target=\"_blank\" rel=\"noopener\" data-schema-attribute=\"\">sentiers<\/a> que vous avez parcourus durant votre trek, vous n&#8217;avez qu&#8217;\u00e0 ajouter votre parcours et \u00e0 personnaliser les champs de texte pour cr\u00e9er votre affiche souvenir unique.\r\n\r\nVotre affiche sera imprim\u00e9e \u00e0 la demande sur du <strong>papier brillant <\/strong>250gr haute qualit\u00e9.\r\n\r\nToutes nos <a title=\"Toutes nos affiches\" href=\"https:\/\/thepostrace.com\/affiche-de-course\/\" target=\"_blank\" rel=\"noopener\" data-schema-attribute=\"\">affiches<\/a> sont <strong>con\u00e7ues <\/strong><strong>en France<\/strong>, dans le Rh\u00f4ne-Alpes. Nous faisons imprimer nos commandes uniquement sur demande dans nos locaux, \u00e0 Lyon (69).\r\n\r\nVoici les diff\u00e9rentes tailles disponibles :\r\n<ul>\r\n \t<li>B2 (50 x 70 cm)<\/li>\r\n \t<li>A2 (42 x 59,4 cm)<\/li>\r\n \t<li>A3 (29,7 x 42 cm)<\/li>\r\n \t<li>A4 (21,1 x 29,7 cm)<\/li>\r\n<\/ul>\r\n*Les cadres et autres d\u00e9corations visibles sur nos photos sont exclus.\r\n*Les couleurs sur votre \u00e9cran peuvent varier un peu des couleurs r\u00e9elles imprim\u00e9es.\r\n<h2><\/h2>\r\n&nbsp;\t\t\t\t\t\t\t\t<\/div>\n\t\t\t\t<\/div>\n\t\t\t\t\t<\/div>\n\t\t<\/div>\n\t\t\t\t\t<\/div>\n\t\t<\/section>\n\t\t\t\t<\/div>\n\t\t","protected":false},"excerpt":{"rendered":"<p>Translate your most cherished sports memories into art with our <strong>custom hiking poster<\/strong>. This map print is available in various sizes and background and trail colors. Choose the text fields and add your names, date, elevation, or even a photo to create your personalized trek poster.<\/p>\n<p>&nbsp;<\/p>\n","protected":false},"featured_media":19242,"comment_status":"open","ping_status":"closed","template":"","meta":{"_acf_changed":false,"site-sidebar-layout":"default","site-content-layout":"default","ast-site-content-layout":"default","site-content-style":"default","site-sidebar-style":"default","ast-global-header-display":"","ast-banner-title-visibility":"","ast-main-header-display":"","ast-hfb-above-header-display":"","ast-hfb-below-header-display":"","ast-hfb-mobile-header-display":"","site-post-title":"","ast-breadcrumbs-content":"","ast-featured-img":"","footer-sml-layout":"","ast-disable-related-posts":"","theme-transparent-header-meta":"default","adv-header-id-meta":"","stick-header-meta":"","header-above-stick-meta":"","header-main-stick-meta":"","header-below-stick-meta":"","astra-migrate-meta-layouts":"set","ast-page-background-enabled":"default","ast-page-background-meta":{"desktop":{"background-color":"var(--ast-global-color-4)","background-image":"","background-repeat":"repeat","background-position":"center center","background-size":"auto","background-attachment":"scroll","background-type":"","background-media":"","overlay-type":"","overlay-color":"","overlay-opacity":"","overlay-gradient":""},"tablet":{"background-color":"","background-image":"","background-repeat":"repeat","background-position":"center center","background-size":"auto","background-attachment":"scroll","background-type":"","background-media":"","overlay-type":"","overlay-color":"","overlay-opacity":"","overlay-gradient":""},"mobile":{"background-color":"","background-image":"","background-repeat":"repeat","background-position":"center center","background-size":"auto","background-attachment":"scroll","background-type":"","background-media":"","overlay-type":"","overlay-color":"","overlay-opacity":"","overlay-gradient":""}},"ast-content-background-meta":{"desktop":{"background-color":"var(--ast-global-color-5)","background-image":"","background-repeat":"repeat","background-position":"center center","background-size":"auto","background-attachment":"scroll","background-type":"","background-media":"","overlay-type":"","overlay-color":"","overlay-opacity":"","overlay-gradient":""},"tablet":{"background-color":"var(--ast-global-color-5)","background-image":"","background-repeat":"repeat","background-position":"center center","background-size":"auto","background-attachment":"scroll","background-type":"","background-media":"","overlay-type":"","overlay-color":"","overlay-opacity":"","overlay-gradient":""},"mobile":{"background-color":"var(--ast-global-color-5)","background-image":"","background-repeat":"repeat","background-position":"center center","background-size":"auto","background-attachment":"scroll","background-type":"","background-media":"","overlay-type":"","overlay-color":"","overlay-opacity":"","overlay-gradient":""}}},"product_brand":[],"product_cat":[126,150,143,125],"product_tag":[],"class_list":{"0":"post-19246","1":"product","2":"type-product","3":"status-publish","4":"has-post-thumbnail","6":"product_cat-custom-poster","7":"product_cat-custom-poster-profil-rando-input","8":"product_cat-hiking-poster","9":"product_cat-our-mapped-posters","10":"desktop-align-center","11":"tablet-align-left","12":"mobile-align-left","14":"first","15":"instock","16":"taxable","17":"shipping-taxable","18":"purchasable","19":"product-type-simple"},"acf":{"nom_de_la_course":"Our first Trek","ligne_2":"Elliot & Marion","ligne_3":"","gpx_url":"","Nom_de_la_Course_Wapf":"65cf238e650b1","couleur_fond_wapf":"65cf238ed9552","couleur_de_la_trace_wapf":"65cf238e6629d","ligne_3_wapf":"65cf238e53636","time":"7 days - 7 to September 14","time-wapf":"65cf238ecba61","date":"","date_wapf":"","distance":"856km","distance_wapf":"65cf238eb71fe","elevation":"8400m","elevation_wapf":"65cf238ea9f68","avg":"","max":"","distance_run":"","distance_run_wapf":"","temps_run":"","time_run_wapf":"","json_file":"","json":"","gpx_url2":"","gpx_url3":""},"_links":{"self":[{"href":"https:\/\/thepostrace.com\/en\/wp-json\/wp\/v2\/product\/19246","targetHints":{"allow":["GET"]}}],"collection":[{"href":"https:\/\/thepostrace.com\/en\/wp-json\/wp\/v2\/product"}],"about":[{"href":"https:\/\/thepostrace.com\/en\/wp-json\/wp\/v2\/types\/product"}],"replies":[{"embeddable":true,"href":"https:\/\/thepostrace.com\/en\/wp-json\/wp\/v2\/comments?post=19246"}],"version-history":[{"count":5,"href":"https:\/\/thepostrace.com\/en\/wp-json\/wp\/v2\/product\/19246\/revisions"}],"predecessor-version":[{"id":24634,"href":"https:\/\/thepostrace.com\/en\/wp-json\/wp\/v2\/product\/19246\/revisions\/24634"}],"wp:featuredmedia":[{"embeddable":true,"href":"https:\/\/thepostrace.com\/en\/wp-json\/wp\/v2\/media\/19242"}],"wp:attachment":[{"href":"https:\/\/thepostrace.com\/en\/wp-json\/wp\/v2\/media?parent=19246"}],"wp:term":[{"taxonomy":"product_brand","embeddable":true,"href":"https:\/\/thepostrace.com\/en\/wp-json\/wp\/v2\/product_brand?post=19246"},{"taxonomy":"product_cat","embeddable":true,"href":"https:\/\/thepostrace.com\/en\/wp-json\/wp\/v2\/product_cat?post=19246"},{"taxonomy":"product_tag","embeddable":true,"href":"https:\/\/thepostrace.com\/en\/wp-json\/wp\/v2\/product_tag?post=19246"}],"curies":[{"name":"wp","href":"https:\/\/api.w.org\/{rel}","templated":true}]}}