{"id":1143,"date":"2026-03-13T22:17:14","date_gmt":"2026-03-13T21:17:14","guid":{"rendered":"https:\/\/thepostrace.com\/es\/?post_type=product&#038;p=1143"},"modified":"2026-03-17T19:27:34","modified_gmt":"2026-03-17T18:27:34","slug":"poster-personalizado-de-la-media-maraton-de-malaga","status":"publish","type":"product","link":"https:\/\/thepostrace.com\/es\/producto\/poster-personalizado-de-la-media-maraton-de-malaga\/","title":{"rendered":"Poster Personalizado de la Media Marat\u00f3n de M\u00e1laga"},"content":{"rendered":"<h2>Tu poster recuerdo de la Media marat\u00f3n de M\u00e1laga<\/h2>\n<p>Esta impresi\u00f3n del recorrido es totalmente personalizable para reflejar<br \/>\ntu propio logro deportivo. Disponible en varios tama\u00f1os y con diferentes<br \/>\nopciones de color para el fondo del mapa y la traza, se adapta perfectamente<br \/>\na tu decoraci\u00f3n interior.<\/p>\n<h2>Personal\u00edzalo en pocos segundos \u2014 selecciona los campos de texto y a\u00f1ade<br \/>\ntu informaci\u00f3n :<\/h2>\n<p>&#8211; Tu nombre y apellidos<br \/>\n&#8211; Tu n\u00famero de dorsal<br \/>\n&#8211; Tu tiempo de llegada<br \/>\n&#8211; Una foto personal (opcional)<\/p>\n<p>&#8230;y crea tu poster \u00fanico de la Media marat\u00f3n de M\u00e1laga.<\/p>\n<h2>El regalo runner perfecto :<\/h2>\n<p>Ya sea para ti o para regalar, el poster personalizado de la<br \/>\nMedia marat\u00f3n de M\u00e1laga es el recuerdo de una aventura humana inolvidable.<br \/>\nLa atenci\u00f3n perfecta para celebrar un cumplea\u00f1os, el fin de temporada<br \/>\no un r\u00e9cord personal en el marat\u00f3n de M\u00e1laga.<\/p>\n<h2>Compromiso ecorresponsable :<\/h2>\n<p>Nuestros posters est\u00e1n dise\u00f1ados en Europa e impresos en Espagna<br \/>\npara minimizar nuestra huella de carbono.<\/p>\n<h2>Impresi\u00f3n de calidad Premium :<\/h2>\n<p>&#8211; Impresi\u00f3n de alta calidad 300 dpi<br \/>\n&#8211; Papel superior a 200 gr<\/p>\n<h2>Elige el formato ideal para tu interior :<\/h2>\n<p>&#8211; Muy gran formato : 50 \u00d7 70 cm<br \/>\n&#8211; Gran formato : 40 \u00d7 60 cm<br \/>\n&#8211; Formato est\u00e1ndar : 30 \u00d7 40 cm<br \/>\n&#8211; Formato A4 : 21 \u00d7 29,7 cm<\/p>\n<h2>Informaci\u00f3n importante sobre nuestros posters :<\/h2>\n<p>&#8211; Poster vendido sin marco (marcos y elementos decorativos no incluidos).<br \/>\n&#8211; La reproducci\u00f3n de los colores puede variar ligeramente seg\u00fan<br \/>\nla calibraci\u00f3n de tu pantalla.<br \/>\n&#8211; Este poster es una creaci\u00f3n original editada por The Post Trace.<br \/>\nNo es un producto oficial y no est\u00e1 patrocinado por la organizaci\u00f3n<br \/>\nde la carrera.<\/p>\n<h2>El recorrido de la Media marat\u00f3n de M\u00e1laga :<\/h2>\n<p>&#8211; El recorrido de la edici\u00f3n 2026<br \/>\n&#8211; El recorrido de la edici\u00f3n 2025<br \/>\n&#8211; El recorrido de la edici\u00f3n 2024<\/p>\n<h2>Los resultados de la Media marat\u00f3n de M\u00e1laga :<\/h2>\n<p>&#8211; Los resultados de la edici\u00f3n 2026 de la Media marat\u00f3n de M\u00e1laga<br \/>\n&#8211; Los resultados de la edici\u00f3n 2025 de la Media marat\u00f3n de M\u00e1laga<br \/>\n&#8211; Los resultados de la edici\u00f3n 2024 de la Media marat\u00f3n de M\u00e1laga<\/p>\n","protected":false},"excerpt":{"rendered":"<p class=\"font-claude-response-body break-words whitespace-normal leading-[1.7]\">Poster recuerdo del recorrido de la [acf field=\"nom_de_la_course\"]. Disponible en varios tama\u00f1os y colores, este poster personalizado de la Media Marat\u00f3n de M\u00e1laga transforma tu ruta GPX o Strava en un recuerdo \u00fanico de tu carrera.<\/p>\n<p class=\"font-claude-response-body break-words whitespace-normal leading-[1.7]\">A\u00f1ade tu personalizaci\u00f3n en los campos de texto : dorsal, nombre, apellidos, tiempo de llegada y una foto opcional \u2014 para crear tu poster exclusivo de la [acf field=\"nom_de_la_course\"]. El regalo runner perfecto para celebrar tu 21 km en M\u00e1laga.<\/p>\n","protected":false},"featured_media":0,"comment_status":"open","ping_status":"closed","template":"","meta":{"_acf_changed":false,"site-sidebar-layout":"default","site-content-layout":"","ast-site-content-layout":"default","site-content-style":"default","site-sidebar-style":"default","ast-global-header-display":"","ast-banner-title-visibility":"","ast-main-header-display":"","ast-hfb-above-header-display":"","ast-hfb-below-header-display":"","ast-hfb-mobile-header-display":"","site-post-title":"","ast-breadcrumbs-content":"","ast-featured-img":"","footer-sml-layout":"","ast-disable-related-posts":"","theme-transparent-header-meta":"default","adv-header-id-meta":"","stick-header-meta":"","header-above-stick-meta":"","header-main-stick-meta":"","header-below-stick-meta":"","astra-migrate-meta-layouts":"set","ast-page-background-enabled":"default","ast-page-background-meta":{"desktop":{"background-color":"var(--ast-global-color-4)","background-image":"","background-repeat":"repeat","background-position":"center center","background-size":"auto","background-attachment":"scroll","background-type":"","background-media":"","overlay-type":"","overlay-color":"","overlay-opacity":"","overlay-gradient":""},"tablet":{"background-color":"","background-image":"","background-repeat":"repeat","background-position":"center center","background-size":"auto","background-attachment":"scroll","background-type":"","background-media":"","overlay-type":"","overlay-color":"","overlay-opacity":"","overlay-gradient":""},"mobile":{"background-color":"","background-image":"","background-repeat":"repeat","background-position":"center center","background-size":"auto","background-attachment":"scroll","background-type":"","background-media":"","overlay-type":"","overlay-color":"","overlay-opacity":"","overlay-gradient":""}},"ast-content-background-meta":{"desktop":{"background-color":"var(--ast-global-color-5)","background-image":"","background-repeat":"repeat","background-position":"center center","background-size":"auto","background-attachment":"scroll","background-type":"","background-media":"","overlay-type":"","overlay-color":"","overlay-opacity":"","overlay-gradient":""},"tablet":{"background-color":"var(--ast-global-color-5)","background-image":"","background-repeat":"repeat","background-position":"center center","background-size":"auto","background-attachment":"scroll","background-type":"","background-media":"","overlay-type":"","overlay-color":"","overlay-opacity":"","overlay-gradient":""},"mobile":{"background-color":"var(--ast-global-color-5)","background-image":"","background-repeat":"repeat","background-position":"center center","background-size":"auto","background-attachment":"scroll","background-type":"","background-media":"","overlay-type":"","overlay-color":"","overlay-opacity":"","overlay-gradient":""}}},"product_brand":[],"product_cat":[54,50,52],"product_tag":[66],"class_list":{"0":"post-1143","1":"product","2":"type-product","3":"status-publish","5":"product_cat-cartel-a-medida","6":"product_cat-cartel-de-carrera-a-pie","7":"product_cat-cartel-de-medio-maraton","8":"product_tag-test","9":"desktop-align-left","10":"tablet-align-left","11":"mobile-align-left","13":"first","14":"instock","15":"shipping-taxable","16":"purchasable","17":"product-type-simple"},"acf":{"gpx_file":"","nom_de_la_course":"Media marat\u00f3n de M\u00e1laga","ligne_2":"","ligne_3":"","gpx_url":"","Nom_de_la_Course_Wapf":"65b78879cd45b","couleur_fond_wapf":"65b78879ca930","couleur_de_la_trace_wapf":"65b78879f7278","ligne_3_wapf":"65b78879b3b0c","time":"","time-wapf":"65b78879a7f16","date":"","date_wapf":"","distance":"","distance_wapf":"","elevation":"","elevation_wapf":"","avg":"","max":"","distance_run":"","distance_run_wapf":"","temps_run":"","time_run_wapf":"","gpx_url_configurator":"https:\/\/map-generator.thepostrace.com\/es?trace=semi-marathon-de-malaga-2026"},"_links":{"self":[{"href":"https:\/\/thepostrace.com\/es\/wp-json\/wp\/v2\/product\/1143","targetHints":{"allow":["GET"]}}],"collection":[{"href":"https:\/\/thepostrace.com\/es\/wp-json\/wp\/v2\/product"}],"about":[{"href":"https:\/\/thepostrace.com\/es\/wp-json\/wp\/v2\/types\/product"}],"replies":[{"embeddable":true,"href":"https:\/\/thepostrace.com\/es\/wp-json\/wp\/v2\/comments?post=1143"}],"wp:attachment":[{"href":"https:\/\/thepostrace.com\/es\/wp-json\/wp\/v2\/media?parent=1143"}],"wp:term":[{"taxonomy":"product_brand","embeddable":true,"href":"https:\/\/thepostrace.com\/es\/wp-json\/wp\/v2\/product_brand?post=1143"},{"taxonomy":"product_cat","embeddable":true,"href":"https:\/\/thepostrace.com\/es\/wp-json\/wp\/v2\/product_cat?post=1143"},{"taxonomy":"product_tag","embeddable":true,"href":"https:\/\/thepostrace.com\/es\/wp-json\/wp\/v2\/product_tag?post=1143"}],"curies":[{"name":"wp","href":"https:\/\/api.w.org\/{rel}","templated":true}]}}