{"id":593,"date":"2024-01-10T11:22:05","date_gmt":"2024-01-10T10:22:05","guid":{"rendered":"https:\/\/thepostrace.com\/es\/?post_type=product&#038;p=593"},"modified":"2026-02-04T11:45:46","modified_gmt":"2026-02-04T10:45:46","slug":"cartel-personalizado-de-carrera-a-pie","status":"publish","type":"product","link":"https:\/\/thepostrace.com\/es\/producto\/cartel-personalizado-de-carrera-a-pie\/","title":{"rendered":"Cartel Personalizado de Carrera a Pie"},"content":{"rendered":"<p>\u00bfUn recuerdo de carrera a pie para inmortalizar? Construya su <strong>cartel personalizado de carrera a pie<\/strong> importando su traza GPX. Para crear un p\u00f3ster deportivo personal y \u00fanico, a\u00f1ada su nombre, su n\u00famero de dorsal, el n\u00famero de kil\u00f3metros y su tiempo de llegada. Puede hacerlo en los campos de texto disponibles. Su cartel ser\u00e1 impreso bajo demanda en <strong>papel brillante de 200gr<\/strong> de alta calidad. Todas nuestras carteleras son dise\u00f1adas en Francia. Hacemos imprimir nuestros pedidos \u00fanicamente <strong>bajo demanda en Espa\u00f1a<\/strong>, lo m\u00e1s cerca posible de su lugar de entrega.<\/p>\n<p>Aqu\u00ed est\u00e1n los diferentes tama\u00f1os disponibles:<\/p>\n<ul>\n<li>A4 (21&#215;29,7cm)<\/li>\n<li>A3 (30x42cm)<\/li>\n<li>A2 (42x60cm)<\/li>\n<li>B2 (50x70cm)<\/li>\n<\/ul>\n<p>*Los marcos y otras decoraciones visibles en nuestras fotos est\u00e1n excluidos. *Los colores en su pantalla pueden variar un poco de los colores reales impresos.\u00bb<\/p>\n","protected":false},"excerpt":{"rendered":"<p>Cartel conmemorativo de su carrera a pie. Esta impresi\u00f3n del recorrido est\u00e1 disponible en varios tama\u00f1os y en varios colores de fondo de mapa y de traza. Seleccione los campos de texto y agregue su nombre, su n\u00famero de dorsal, su tiempo de llegada o una foto para crear su <strong>cartel de carrera a pie.<\/strong><\/p>\n","protected":false},"featured_media":875,"comment_status":"open","ping_status":"closed","template":"","meta":{"_acf_changed":false,"site-sidebar-layout":"default","site-content-layout":"","ast-site-content-layout":"default","site-content-style":"default","site-sidebar-style":"default","ast-global-header-display":"","ast-banner-title-visibility":"","ast-main-header-display":"","ast-hfb-above-header-display":"","ast-hfb-below-header-display":"","ast-hfb-mobile-header-display":"","site-post-title":"","ast-breadcrumbs-content":"","ast-featured-img":"","footer-sml-layout":"","ast-disable-related-posts":"","theme-transparent-header-meta":"default","adv-header-id-meta":"","stick-header-meta":"","header-above-stick-meta":"","header-main-stick-meta":"","header-below-stick-meta":"","astra-migrate-meta-layouts":"set","ast-page-background-enabled":"default","ast-page-background-meta":{"desktop":{"background-color":"var(--ast-global-color-4)","background-image":"","background-repeat":"repeat","background-position":"center center","background-size":"auto","background-attachment":"scroll","background-type":"","background-media":"","overlay-type":"","overlay-color":"","overlay-opacity":"","overlay-gradient":""},"tablet":{"background-color":"","background-image":"","background-repeat":"repeat","background-position":"center center","background-size":"auto","background-attachment":"scroll","background-type":"","background-media":"","overlay-type":"","overlay-color":"","overlay-opacity":"","overlay-gradient":""},"mobile":{"background-color":"","background-image":"","background-repeat":"repeat","background-position":"center center","background-size":"auto","background-attachment":"scroll","background-type":"","background-media":"","overlay-type":"","overlay-color":"","overlay-opacity":"","overlay-gradient":""}},"ast-content-background-meta":{"desktop":{"background-color":"var(--ast-global-color-5)","background-image":"","background-repeat":"repeat","background-position":"center center","background-size":"auto","background-attachment":"scroll","background-type":"","background-media":"","overlay-type":"","overlay-color":"","overlay-opacity":"","overlay-gradient":""},"tablet":{"background-color":"var(--ast-global-color-5)","background-image":"","background-repeat":"repeat","background-position":"center center","background-size":"auto","background-attachment":"scroll","background-type":"","background-media":"","overlay-type":"","overlay-color":"","overlay-opacity":"","overlay-gradient":""},"mobile":{"background-color":"var(--ast-global-color-5)","background-image":"","background-repeat":"repeat","background-position":"center center","background-size":"auto","background-attachment":"scroll","background-type":"","background-media":"","overlay-type":"","overlay-color":"","overlay-opacity":"","overlay-gradient":""}}},"product_brand":[],"product_cat":[50,55,54,53,52,51],"product_tag":[],"class_list":{"0":"post-593","1":"product","2":"type-product","3":"status-publish","4":"has-post-thumbnail","6":"product_cat-cartel-de-carrera-a-pie","7":"product_cat-affiche-sur-mesure-input-sans-profil","8":"product_cat-cartel-a-medida","9":"product_cat-cartel-de-10-km","10":"product_cat-cartel-de-medio-maraton","11":"product_cat-cartel-de-maraton","12":"desktop-align-left","13":"tablet-align-left","14":"mobile-align-left","16":"first","17":"instock","18":"shipping-taxable","19":"purchasable","20":"product-type-simple"},"acf":{"gpx_file":"","nom_de_la_course":"Mi Primer Marat\u00f3n","ligne_2":"22 de junio de 2023 - 42,195 km - M\u00e1laga","ligne_3":"#4123 Juan Peuplu - 3h38'42''","gpx_url":"","Nom_de_la_Course_Wapf":"659e6ba983687","couleur_fond_wapf":"659e6ba985ec3","couleur_de_la_trace_wapf":"659e6ba97a8c2","ligne_3_wapf":"659e6ba9b9fb6","time":"","time-wapf":"659e6ba9637ac","date":"","date_wapf":"","distance":"","distance_wapf":"","elevation":"","elevation_wapf":"","avg":"","max":"","distance_run":"","distance_run_wapf":"","temps_run":"","time_run_wapf":"","gpx_url_configurator":"https:\/\/map-generator.thepostrace.com\/es"},"_links":{"self":[{"href":"https:\/\/thepostrace.com\/es\/wp-json\/wp\/v2\/product\/593","targetHints":{"allow":["GET"]}}],"collection":[{"href":"https:\/\/thepostrace.com\/es\/wp-json\/wp\/v2\/product"}],"about":[{"href":"https:\/\/thepostrace.com\/es\/wp-json\/wp\/v2\/types\/product"}],"replies":[{"embeddable":true,"href":"https:\/\/thepostrace.com\/es\/wp-json\/wp\/v2\/comments?post=593"}],"wp:featuredmedia":[{"embeddable":true,"href":"https:\/\/thepostrace.com\/es\/wp-json\/wp\/v2\/media\/875"}],"wp:attachment":[{"href":"https:\/\/thepostrace.com\/es\/wp-json\/wp\/v2\/media?parent=593"}],"wp:term":[{"taxonomy":"product_brand","embeddable":true,"href":"https:\/\/thepostrace.com\/es\/wp-json\/wp\/v2\/product_brand?post=593"},{"taxonomy":"product_cat","embeddable":true,"href":"https:\/\/thepostrace.com\/es\/wp-json\/wp\/v2\/product_cat?post=593"},{"taxonomy":"product_tag","embeddable":true,"href":"https:\/\/thepostrace.com\/es\/wp-json\/wp\/v2\/product_tag?post=593"}],"curies":[{"name":"wp","href":"https:\/\/api.w.org\/{rel}","templated":true}]}}