{"id":701,"date":"2024-01-11T17:26:32","date_gmt":"2024-01-11T16:26:32","guid":{"rendered":"https:\/\/thepostrace.com\/es\/?post_type=product&#038;p=701"},"modified":"2026-02-04T11:44:29","modified_gmt":"2026-02-04T10:44:29","slug":"poster-de-senderismo-personalizado","status":"publish","type":"product","link":"https:\/\/thepostrace.com\/es\/producto\/poster-de-senderismo-personalizado\/","title":{"rendered":"P\u00f3ster de Senderismo Personalizado"},"content":{"rendered":"<p>\u00bfUn recuerdo de senderismo para inmortalizar? Construye tu p\u00f3ster de senderismo personalizado importando tu traza GPX. Para crear un p\u00f3ster deportivo que recree los senderos que has recorrido durante tu trekking, solo tienes que agregar tu ruta y personalizar los campos de texto para crear tu p\u00f3ster de recuerdo \u00fanico. Su cartel ser\u00e1 impreso bajo demanda en <strong>papel brillante de 250gr<\/strong> de alta calidad. Todas nuestras carteleras son dise\u00f1adas en Francia. Hacemos imprimir nuestros pedidos \u00fanicamente <strong>bajo demanda en Espa\u00f1a<\/strong>, lo m\u00e1s cerca posible de su lugar de entrega.<\/p>\n<p>Aqu\u00ed est\u00e1n los diferentes tama\u00f1os disponibles:<\/p>\n<ul>\n<li>A4 (21&#215;29,7cm)<\/li>\n<li>A3 (30x42cm)<\/li>\n<li>A2 (42x60cm)<\/li>\n<li>B2 (50x70cm)<\/li>\n<\/ul>\n<p>*Los marcos y otras decoraciones visibles en nuestras fotos est\u00e1n excluidos. *Los colores en su pantalla pueden variar un poco de los colores reales impresos.\u00bb<\/p>\n","protected":false},"excerpt":{"rendered":"<p>Ilustra tus mejores recuerdos deportivos con nuestro p\u00f3ster de senderismo personalizado. Esta impresi\u00f3n del recorrido est\u00e1 disponible en varias tallas y en varios colores de fondo de mapa y de traza. Seleccione los campos de texto y agregue sus nombres, la fecha, el desnivel o incluso una foto para crear su <strong>p\u00f3ster personalizado de su trek.<\/strong><\/p>\n","protected":false},"featured_media":853,"comment_status":"open","ping_status":"closed","template":"","meta":{"_acf_changed":false,"site-sidebar-layout":"default","site-content-layout":"","ast-site-content-layout":"default","site-content-style":"default","site-sidebar-style":"default","ast-global-header-display":"","ast-banner-title-visibility":"","ast-main-header-display":"","ast-hfb-above-header-display":"","ast-hfb-below-header-display":"","ast-hfb-mobile-header-display":"","site-post-title":"","ast-breadcrumbs-content":"","ast-featured-img":"","footer-sml-layout":"","ast-disable-related-posts":"","theme-transparent-header-meta":"default","adv-header-id-meta":"","stick-header-meta":"","header-above-stick-meta":"","header-main-stick-meta":"","header-below-stick-meta":"","astra-migrate-meta-layouts":"set","ast-page-background-enabled":"default","ast-page-background-meta":{"desktop":{"background-color":"var(--ast-global-color-4)","background-image":"","background-repeat":"repeat","background-position":"center center","background-size":"auto","background-attachment":"scroll","background-type":"","background-media":"","overlay-type":"","overlay-color":"","overlay-opacity":"","overlay-gradient":""},"tablet":{"background-color":"","background-image":"","background-repeat":"repeat","background-position":"center center","background-size":"auto","background-attachment":"scroll","background-type":"","background-media":"","overlay-type":"","overlay-color":"","overlay-opacity":"","overlay-gradient":""},"mobile":{"background-color":"","background-image":"","background-repeat":"repeat","background-position":"center center","background-size":"auto","background-attachment":"scroll","background-type":"","background-media":"","overlay-type":"","overlay-color":"","overlay-opacity":"","overlay-gradient":""}},"ast-content-background-meta":{"desktop":{"background-color":"var(--ast-global-color-5)","background-image":"","background-repeat":"repeat","background-position":"center center","background-size":"auto","background-attachment":"scroll","background-type":"","background-media":"","overlay-type":"","overlay-color":"","overlay-opacity":"","overlay-gradient":""},"tablet":{"background-color":"var(--ast-global-color-5)","background-image":"","background-repeat":"repeat","background-position":"center center","background-size":"auto","background-attachment":"scroll","background-type":"","background-media":"","overlay-type":"","overlay-color":"","overlay-opacity":"","overlay-gradient":""},"mobile":{"background-color":"var(--ast-global-color-5)","background-image":"","background-repeat":"repeat","background-position":"center center","background-size":"auto","background-attachment":"scroll","background-type":"","background-media":"","overlay-type":"","overlay-color":"","overlay-opacity":"","overlay-gradient":""}}},"product_brand":[],"product_cat":[60,61,54],"product_tag":[],"class_list":{"0":"post-701","1":"product","2":"type-product","3":"status-publish","4":"has-post-thumbnail","6":"product_cat-poster-de-senderismo","7":"product_cat-affiche-sur-mesure-input-avec-profil-rando","8":"product_cat-cartel-a-medida","9":"desktop-align-left","10":"tablet-align-left","11":"mobile-align-left","13":"first","14":"instock","15":"shipping-taxable","16":"purchasable","17":"product-type-simple"},"acf":{"gpx_file":"","nom_de_la_course":"Nuestra primera caminata","ligne_2":"Juan & Marion","ligne_3":"","gpx_url":"","Nom_de_la_Course_Wapf":"65a016b89fcbd","couleur_fond_wapf":"65a016b89fc9e","couleur_de_la_trace_wapf":"65a016b89fcaf","ligne_3_wapf":"65a016b89fccb","time":"7 d\u00edas - Del 7 al 14 de septiembre","time-wapf":"65a016b89fd01","date":"","date_wapf":"","distance":"180km","distance_wapf":"65a016b89fcd9","elevation":"8610m","elevation_wapf":"65a016b89fcf4","avg":"","max":"","distance_run":"","distance_run_wapf":"","temps_run":"","time_run_wapf":"","gpx_url_configurator":"https:\/\/map-generator.thepostrace.com\/es"},"_links":{"self":[{"href":"https:\/\/thepostrace.com\/es\/wp-json\/wp\/v2\/product\/701","targetHints":{"allow":["GET"]}}],"collection":[{"href":"https:\/\/thepostrace.com\/es\/wp-json\/wp\/v2\/product"}],"about":[{"href":"https:\/\/thepostrace.com\/es\/wp-json\/wp\/v2\/types\/product"}],"replies":[{"embeddable":true,"href":"https:\/\/thepostrace.com\/es\/wp-json\/wp\/v2\/comments?post=701"}],"wp:featuredmedia":[{"embeddable":true,"href":"https:\/\/thepostrace.com\/es\/wp-json\/wp\/v2\/media\/853"}],"wp:attachment":[{"href":"https:\/\/thepostrace.com\/es\/wp-json\/wp\/v2\/media?parent=701"}],"wp:term":[{"taxonomy":"product_brand","embeddable":true,"href":"https:\/\/thepostrace.com\/es\/wp-json\/wp\/v2\/product_brand?post=701"},{"taxonomy":"product_cat","embeddable":true,"href":"https:\/\/thepostrace.com\/es\/wp-json\/wp\/v2\/product_cat?post=701"},{"taxonomy":"product_tag","embeddable":true,"href":"https:\/\/thepostrace.com\/es\/wp-json\/wp\/v2\/product_tag?post=701"}],"curies":[{"name":"wp","href":"https:\/\/api.w.org\/{rel}","templated":true}]}}