{"id":715,"date":"2024-01-11T18:22:26","date_gmt":"2024-01-11T17:22:26","guid":{"rendered":"https:\/\/thepostrace.com\/es\/?post_type=product&#038;p=715"},"modified":"2026-02-04T11:44:21","modified_gmt":"2026-02-04T10:44:21","slug":"poster-de-triatlon-personalizado","status":"publish","type":"product","link":"https:\/\/thepostrace.com\/es\/producto\/poster-de-triatlon-personalizado\/","title":{"rendered":"P\u00f3ster de Triatl\u00f3n Personalizado"},"content":{"rendered":"<p>\u00bfUn recuerdo de triatl\u00f3n para inmortalizar? Construye tu p\u00f3ster de triatl\u00f3n personalizado importando tu traza GPX. Para crear un p\u00f3ster deportivo personal y \u00fanico, agrega tu nombre, tu n\u00famero de dorsal, la cantidad de kil\u00f3metros y tu tiempo de llegada. Puedes hacerlo en los campos de texto disponibles. Su cartel ser\u00e1 impreso bajo demanda en <strong>papel brillante de 200gr<\/strong> de alta calidad. Todas nuestras carteleras son dise\u00f1adas en Francia. Hacemos imprimir nuestros pedidos \u00fanicamente <strong>bajo demanda en Espa\u00f1a<\/strong>, lo m\u00e1s cerca posible de su lugar de entrega.<\/p>\n<p>Aqu\u00ed est\u00e1n los diferentes tama\u00f1os disponibles:<\/p>\n<ul>\n<li>A4 (21&#215;29,7cm)<\/li>\n<li>A3 (30x42cm)<\/li>\n<li>A2 (42x60cm)<\/li>\n<li>B2 (50x70cm)<\/li>\n<\/ul>\n<p>*Los marcos y otras decoraciones visibles en nuestras fotos est\u00e1n excluidos. *Los colores en su pantalla pueden variar un poco de los colores reales impresos.\u00bb<\/p>\n","protected":false},"excerpt":{"rendered":"<p>P\u00f3ster de recuerdo de su triatl\u00f3n. Esta impresi\u00f3n del recorrido est\u00e1 disponible en varias tallas y en varios colores de fondo de mapa y de traza. Seleccione los campos de texto y agregue su nombre, su n\u00famero de dorsal, su tiempo de llegada o incluso una foto para crear su <strong>p\u00f3ster de triatl\u00f3n personalizado.<\/strong><\/p>\n","protected":false},"featured_media":889,"comment_status":"open","ping_status":"closed","template":"","meta":{"_acf_changed":false,"site-sidebar-layout":"default","site-content-layout":"","ast-site-content-layout":"default","site-content-style":"default","site-sidebar-style":"default","ast-global-header-display":"","ast-banner-title-visibility":"","ast-main-header-display":"","ast-hfb-above-header-display":"","ast-hfb-below-header-display":"","ast-hfb-mobile-header-display":"","site-post-title":"","ast-breadcrumbs-content":"","ast-featured-img":"","footer-sml-layout":"","ast-disable-related-posts":"","theme-transparent-header-meta":"default","adv-header-id-meta":"","stick-header-meta":"","header-above-stick-meta":"","header-main-stick-meta":"","header-below-stick-meta":"","astra-migrate-meta-layouts":"set","ast-page-background-enabled":"default","ast-page-background-meta":{"desktop":{"background-color":"var(--ast-global-color-4)","background-image":"","background-repeat":"repeat","background-position":"center center","background-size":"auto","background-attachment":"scroll","background-type":"","background-media":"","overlay-type":"","overlay-color":"","overlay-opacity":"","overlay-gradient":""},"tablet":{"background-color":"","background-image":"","background-repeat":"repeat","background-position":"center center","background-size":"auto","background-attachment":"scroll","background-type":"","background-media":"","overlay-type":"","overlay-color":"","overlay-opacity":"","overlay-gradient":""},"mobile":{"background-color":"","background-image":"","background-repeat":"repeat","background-position":"center center","background-size":"auto","background-attachment":"scroll","background-type":"","background-media":"","overlay-type":"","overlay-color":"","overlay-opacity":"","overlay-gradient":""}},"ast-content-background-meta":{"desktop":{"background-color":"var(--ast-global-color-5)","background-image":"","background-repeat":"repeat","background-position":"center center","background-size":"auto","background-attachment":"scroll","background-type":"","background-media":"","overlay-type":"","overlay-color":"","overlay-opacity":"","overlay-gradient":""},"tablet":{"background-color":"var(--ast-global-color-5)","background-image":"","background-repeat":"repeat","background-position":"center center","background-size":"auto","background-attachment":"scroll","background-type":"","background-media":"","overlay-type":"","overlay-color":"","overlay-opacity":"","overlay-gradient":""},"mobile":{"background-color":"var(--ast-global-color-5)","background-image":"","background-repeat":"repeat","background-position":"center center","background-size":"auto","background-attachment":"scroll","background-type":"","background-media":"","overlay-type":"","overlay-color":"","overlay-opacity":"","overlay-gradient":""}}},"product_brand":[],"product_cat":[62,63,54],"product_tag":[],"class_list":{"0":"post-715","1":"product","2":"type-product","3":"status-publish","4":"has-post-thumbnail","6":"product_cat-poster-de-triatlon","7":"product_cat-affiche-sur-mesure-tri","8":"product_cat-cartel-a-medida","9":"desktop-align-left","10":"tablet-align-left","11":"mobile-align-left","13":"first","14":"instock","15":"shipping-taxable","16":"purchasable","17":"product-type-simple"},"acf":{"gpx_file":"","nom_de_la_course":"Mi primer triatl\u00f3n","ligne_2":"20.08.2023 #1234 Juan Peuplu 10h42'22''","ligne_3":"","gpx_url":"","Nom_de_la_Course_Wapf":"65a023d2c0a5f","couleur_fond_wapf":"65a023d2c0a41","couleur_de_la_trace_wapf":"65a023d2c0a51","ligne_3_wapf":"65a023d2c0a73","time":"1h14'10''","time-wapf":"65a0267cef7d5","date":"142km","date_wapf":"65a026d570639","distance":"3.8km","distance_wapf":"65a023d2c0a88","elevation":"5h54'10''","elevation_wapf":"65a026e9fa6ec","avg":"","max":"","distance_run":"42km","distance_run_wapf":"65a023d2c0a97","temps_run":"3h54'10\"","time_run_wapf":"65a0271f6ed8d","gpx_url_configurator":"https:\/\/map-generator.thepostrace.com\/es"},"_links":{"self":[{"href":"https:\/\/thepostrace.com\/es\/wp-json\/wp\/v2\/product\/715","targetHints":{"allow":["GET"]}}],"collection":[{"href":"https:\/\/thepostrace.com\/es\/wp-json\/wp\/v2\/product"}],"about":[{"href":"https:\/\/thepostrace.com\/es\/wp-json\/wp\/v2\/types\/product"}],"replies":[{"embeddable":true,"href":"https:\/\/thepostrace.com\/es\/wp-json\/wp\/v2\/comments?post=715"}],"wp:featuredmedia":[{"embeddable":true,"href":"https:\/\/thepostrace.com\/es\/wp-json\/wp\/v2\/media\/889"}],"wp:attachment":[{"href":"https:\/\/thepostrace.com\/es\/wp-json\/wp\/v2\/media?parent=715"}],"wp:term":[{"taxonomy":"product_brand","embeddable":true,"href":"https:\/\/thepostrace.com\/es\/wp-json\/wp\/v2\/product_brand?post=715"},{"taxonomy":"product_cat","embeddable":true,"href":"https:\/\/thepostrace.com\/es\/wp-json\/wp\/v2\/product_cat?post=715"},{"taxonomy":"product_tag","embeddable":true,"href":"https:\/\/thepostrace.com\/es\/wp-json\/wp\/v2\/product_tag?post=715"}],"curies":[{"name":"wp","href":"https:\/\/api.w.org\/{rel}","templated":true}]}}