{"id":905,"date":"2024-01-29T21:34:19","date_gmt":"2024-01-29T20:34:19","guid":{"rendered":"https:\/\/thepostrace.com\/es\/?post_type=product&#038;p=905"},"modified":"2026-02-18T19:33:37","modified_gmt":"2026-02-18T18:33:37","slug":"maraton-de-sevilla","status":"publish","type":"product","link":"https:\/\/thepostrace.com\/es\/producto\/maraton-de-sevilla\/","title":{"rendered":"Cartel Marat\u00f3n de Sevilla"},"content":{"rendered":"<p>Este p\u00f3ster que representa el recorrido del <strong> <a title=\"sitio oficial del Marat\u00f3n de Sevilla\" href=\"https:\/\/www.zurichmaratonsevilla.es\/\" target=\"_blank\" rel=\"noopener\" data-schema-attribute=\"\"> marat\u00f3n de Sevilla<\/a><\/strong> se imprime en papel brillante de 250 gramos o en otro soporte de su elecci\u00f3n. Para crear un p\u00f3ster personal y \u00fanico, agregue su nombre, n\u00famero de dorsal y tiempo de llegada en los campos de texto disponibles.<\/p>\n<p>Imprimimos sus pedidos lo m\u00e1s cerca posible de su lugar de entrega.<\/p>\n<p>Aqu\u00ed est\u00e1n las diferentes tallas disponibles:<\/p>\n<ul>\n<li>A4 (21&#215;29,7cm)<\/li>\n<li>A3 (30x42cm)<\/li>\n<li>A2 (42x60cm)<\/li>\n<li>B2 (50x70cm)<\/li>\n<\/ul>\n<p>*Tenga en cuenta que los marcos y otras decoraciones que se muestran en nuestras fotos est\u00e1n excluidos. *Los colores en su pantalla pueden variar ligeramente de los colores reales impresos.<\/p>\n<p>\u00a1ATENCI\u00d3N, nuestro arte no es oficial!\u00bb<\/p>\n<h2>Marat\u00f3n de Sevilla :<\/h2>\n","protected":false},"excerpt":{"rendered":"<p>Cartel mapeado del\u00a0marat\u00f3n de Sevilla. Esta impresi\u00f3n del recorrido est\u00e1 disponible en varias tallas y colores. Seleccione los campos de texto y agregue su nombre, n\u00famero de dorsal, tiempo de llegada u otro texto para crear su p\u00f3ster personalizado del marat\u00f3n de Sevilla.<\/p>\n","protected":false},"featured_media":934,"comment_status":"open","ping_status":"closed","template":"","meta":{"_acf_changed":false,"site-sidebar-layout":"default","site-content-layout":"","ast-site-content-layout":"default","site-content-style":"default","site-sidebar-style":"default","ast-global-header-display":"","ast-banner-title-visibility":"","ast-main-header-display":"","ast-hfb-above-header-display":"","ast-hfb-below-header-display":"","ast-hfb-mobile-header-display":"","site-post-title":"","ast-breadcrumbs-content":"","ast-featured-img":"","footer-sml-layout":"","ast-disable-related-posts":"","theme-transparent-header-meta":"default","adv-header-id-meta":"","stick-header-meta":"","header-above-stick-meta":"","header-main-stick-meta":"","header-below-stick-meta":"","astra-migrate-meta-layouts":"set","ast-page-background-enabled":"default","ast-page-background-meta":{"desktop":{"background-color":"var(--ast-global-color-4)","background-image":"","background-repeat":"repeat","background-position":"center center","background-size":"auto","background-attachment":"scroll","background-type":"","background-media":"","overlay-type":"","overlay-color":"","overlay-opacity":"","overlay-gradient":""},"tablet":{"background-color":"","background-image":"","background-repeat":"repeat","background-position":"center center","background-size":"auto","background-attachment":"scroll","background-type":"","background-media":"","overlay-type":"","overlay-color":"","overlay-opacity":"","overlay-gradient":""},"mobile":{"background-color":"","background-image":"","background-repeat":"repeat","background-position":"center center","background-size":"auto","background-attachment":"scroll","background-type":"","background-media":"","overlay-type":"","overlay-color":"","overlay-opacity":"","overlay-gradient":""}},"ast-content-background-meta":{"desktop":{"background-color":"var(--ast-global-color-5)","background-image":"","background-repeat":"repeat","background-position":"center center","background-size":"auto","background-attachment":"scroll","background-type":"","background-media":"","overlay-type":"","overlay-color":"","overlay-opacity":"","overlay-gradient":""},"tablet":{"background-color":"var(--ast-global-color-5)","background-image":"","background-repeat":"repeat","background-position":"center center","background-size":"auto","background-attachment":"scroll","background-type":"","background-media":"","overlay-type":"","overlay-color":"","overlay-opacity":"","overlay-gradient":""},"mobile":{"background-color":"var(--ast-global-color-5)","background-image":"","background-repeat":"repeat","background-position":"center center","background-size":"auto","background-attachment":"scroll","background-type":"","background-media":"","overlay-type":"","overlay-color":"","overlay-opacity":"","overlay-gradient":""}}},"product_brand":[],"product_cat":[51,54,50],"product_tag":[],"class_list":{"0":"post-905","1":"product","2":"type-product","3":"status-publish","4":"has-post-thumbnail","6":"product_cat-cartel-de-maraton","7":"product_cat-cartel-a-medida","8":"product_cat-cartel-de-carrera-a-pie","9":"desktop-align-left","10":"tablet-align-left","11":"mobile-align-left","13":"first","14":"instock","15":"shipping-taxable","16":"purchasable","17":"product-type-simple"},"acf":{"gpx_file":"","nom_de_la_course":"Marat\u00f3n de Sevilla","ligne_2":"15\/02\/2026 - 42.195km","ligne_3":"#4123 Juan Peuplu - 3h38'42''","gpx_url":"https:\/\/thepostrace.com\/wp-content\/uploads\/2026\/01\/Zurich-Maraton-de-Sevilla-2026.gpx","Nom_de_la_Course_Wapf":"65b80c7cdbdf1","couleur_fond_wapf":"65b80c7cdbdd9","couleur_de_la_trace_wapf":"65b80c7cdbde4","ligne_3_wapf":"65b80c7cdbdfb","time":"","time-wapf":"65b80c7cdbe07","date":"","date_wapf":"","distance":"","distance_wapf":"","elevation":"","elevation_wapf":"","avg":"","max":"","distance_run":"","distance_run_wapf":"","temps_run":"","time_run_wapf":"","gpx_url_configurator":"https:\/\/map-generator.thepostrace.com\/es"},"_links":{"self":[{"href":"https:\/\/thepostrace.com\/es\/wp-json\/wp\/v2\/product\/905","targetHints":{"allow":["GET"]}}],"collection":[{"href":"https:\/\/thepostrace.com\/es\/wp-json\/wp\/v2\/product"}],"about":[{"href":"https:\/\/thepostrace.com\/es\/wp-json\/wp\/v2\/types\/product"}],"replies":[{"embeddable":true,"href":"https:\/\/thepostrace.com\/es\/wp-json\/wp\/v2\/comments?post=905"}],"wp:featuredmedia":[{"embeddable":true,"href":"https:\/\/thepostrace.com\/es\/wp-json\/wp\/v2\/media\/934"}],"wp:attachment":[{"href":"https:\/\/thepostrace.com\/es\/wp-json\/wp\/v2\/media?parent=905"}],"wp:term":[{"taxonomy":"product_brand","embeddable":true,"href":"https:\/\/thepostrace.com\/es\/wp-json\/wp\/v2\/product_brand?post=905"},{"taxonomy":"product_cat","embeddable":true,"href":"https:\/\/thepostrace.com\/es\/wp-json\/wp\/v2\/product_cat?post=905"},{"taxonomy":"product_tag","embeddable":true,"href":"https:\/\/thepostrace.com\/es\/wp-json\/wp\/v2\/product_tag?post=905"}],"curies":[{"name":"wp","href":"https:\/\/api.w.org\/{rel}","templated":true}]}}