{"id":27815,"date":"2021-10-12T23:48:23","date_gmt":"2021-10-12T21:48:23","guid":{"rendered":"https:\/\/thepostrace.com\/termini-e-condizioni-di-vendita\/"},"modified":"2025-07-24T08:38:07","modified_gmt":"2025-07-24T06:38:07","slug":"conditions-generales-de-ventes","status":"publish","type":"page","link":"https:\/\/thepostrace.com\/it\/conditions-generales-de-ventes\/","title":{"rendered":"CONDIZIONI GENERALI DI VENDITA"},"content":{"rendered":"\t\t<div data-elementor-type=\"wp-page\" data-elementor-id=\"27815\" class=\"elementor elementor-27815 elementor-1275\" data-elementor-post-type=\"page\">\n\t\t\t\t\t\t<section data-particle_enable=\"false\" data-particle-mobile-disabled=\"false\" class=\"elementor-section elementor-top-section elementor-element elementor-element-7495561 elementor-section-boxed elementor-section-height-default elementor-section-height-default\" data-id=\"7495561\" data-element_type=\"section\" data-e-type=\"section\">\n\t\t\t\t\t\t<div class=\"elementor-container elementor-column-gap-default\">\n\t\t\t\t\t<div class=\"elementor-column elementor-col-100 elementor-top-column elementor-element elementor-element-a0f1522\" data-id=\"a0f1522\" data-element_type=\"column\" data-e-type=\"column\">\n\t\t\t<div class=\"elementor-widget-wrap elementor-element-populated\">\n\t\t\t\t\t\t<div class=\"elementor-element elementor-element-ba5734d elementor-widget elementor-widget-text-editor\" data-id=\"ba5734d\" data-element_type=\"widget\" data-e-type=\"widget\" data-widget_type=\"text-editor.default\">\n\t\t\t\t<div class=\"elementor-widget-container\">\n\t\t\t\t\t\t\t\t\t<h1 data-start=\"232\" data-end=\"282\">Termini e condizioni generali di utilizzo e vendita<\/h1><p data-start=\"283\" data-end=\"364\"><strong data-start=\"283\" data-end=\"314\">da <a href=\"http:\/\/www.thepostrace.com\" target=\"_new\" rel=\"noopener\" data-start=\"293\" data-end=\"312\">www.thepostrace.com<\/a><\/strong><br data-start=\"314\" data-end=\"317\"><strong data-start=\"317\" data-end=\"364\">Data dell&#8217;ultimo aggiornamento: 24 marzo 2025<\/strong><\/p><hr data-start=\"366\" data-end=\"369\"><h2 data-start=\"371\" data-end=\"388\">1. Generale<\/h2><p data-start=\"390\" data-end=\"680\">I presenti termini e condizioni regolano l&#8217;utilizzo del sito <a href=\"http:\/\/www.thepostrace.com\" target=\"_new\" rel=\"noopener\" data-start=\"457\" data-end=\"476\">www.thepostrace.com.<\/a><br data-start=\"477\" data-end=\"480\">Questo sito \u00e8 di propriet\u00e0 e gestito da <strong data-start=\"518\" data-end=\"537\">SAS Trace Group<\/strong>, registrato presso l&#8217;RCS di Lione con il numero <strong data-start=\"582\" data-end=\"597\">942 311 770<\/strong>, la cui sede legale si trova al <strong data-start=\"630\" data-end=\"679\">56 rue des Margnolles, 69300 Caluire-et-Cuire<\/strong>.<\/p><p data-start=\"682\" data-end=\"827\">Utilizzando questo sito, dichiari di aver letto e compreso le condizioni d&#8217;uso e accetti di rispettarle in ogni momento.<\/p><p data-start=\"829\" data-end=\"858\"><strong data-start=\"829\" data-end=\"858\">Tipo di sito: e-commerce<\/strong><\/p><hr data-start=\"860\" data-end=\"863\"><h2 data-start=\"865\" data-end=\"895\">2. Propriet\u00e0 intellettuale<\/h2><p data-start=\"897\" data-end=\"1185\">Tutti i contenuti pubblicati e resi disponibili su questo sito sono di propriet\u00e0 esclusiva di <strong data-start=\"983\" data-end=\"1002\">SAS Trace Group<\/strong> e dei suoi creatori. Ci\u00f2 include, ma non si limita a, immagini, testi, loghi, documenti, file scaricabili e qualsiasi elemento che contribuisca alla struttura e al contenuto del sito. <\/p><hr data-start=\"1187\" data-end=\"1190\"><h2 data-start=\"1192\" data-end=\"1205\">3. Conti<\/h2><p data-start=\"1207\" data-end=\"1267\">Quando crei un account sul nostro sito, accetti :<\/p><ul data-start=\"1269\" data-end=\"1451\"><li data-start=\"1269\" data-end=\"1362\">di essere l&#8217;unico responsabile del tuo account, compresa la sua sicurezza e riservatezza,<\/li><li data-start=\"1363\" data-end=\"1451\">tutte le informazioni personali fornite sono accurate, aggiornate e complete.<\/li><\/ul><p data-start=\"1453\" data-end=\"1581\">Ci riserviamo il diritto di sospendere o eliminare un account in caso di uso illegale o improprio del nostro sito.<\/p><hr data-start=\"1583\" data-end=\"1586\"><h2 data-start=\"1588\" data-end=\"1609\">4. Vendita di beni<\/h2><p data-start=\"1611\" data-end=\"1678\">I prodotti in vendita su <a href=\"http:\/\/www.thepostrace.com\" target=\"_new\" rel=\"noopener\" data-start=\"1648\" data-end=\"1667\">www.thepostrace.com<\/a> includono:<\/p><ul data-start=\"1680\" data-end=\"1740\"><li data-start=\"1680\" data-end=\"1700\"><a href=\"https:\/\/thepostrace.com\/affiche-de-course\/\">Poster sportivi<\/a><\/li><li data-start=\"1701\" data-end=\"1721\">Ricordi sportivi<\/li><li data-start=\"1722\" data-end=\"1740\">Poster sportivi<\/li><\/ul><p data-start=\"1742\" data-end=\"1947\">Questi prodotti sono presentati nel modo pi\u00f9 accurato possibile. Tuttavia, i testi descrittivi, le immagini e le immagini personalizzate sono fornite solo a titolo informativo e potrebbero contenere delle imprecisioni. <\/p><p data-start=\"1949\" data-end=\"2291\"><strong data-start=\"1949\" data-end=\"2129\">\u26a0\ufe0f SAS Trace Group declina ogni responsabilit\u00e0 per i contenuti dei poster o dei prodotti personalizzati, siano essi testi o immagini forniti dall&#8217;utente.<\/strong><br data-start=\"2129\" data-end=\"2132\">\u00c8 responsabilit\u00e0 del cliente assicurarsi che i contenuti importati non violino i diritti di terzi (copyright, immagine, privacy, ecc.).<\/p><p data-start=\"2293\" data-end=\"2341\">L&#8217;acquisto dei nostri prodotti avviene a tuo rischio e pericolo.<\/p><hr data-start=\"2343\" data-end=\"2346\"><h2 data-start=\"2348\" data-end=\"2362\">5. Pagamento<\/h2><p data-start=\"2364\" data-end=\"2412\">Accettiamo i seguenti metodi di pagamento:<\/p><ul data-start=\"2414\" data-end=\"2443\"><li data-start=\"2414\" data-end=\"2432\">Carta di credito<\/li><li data-start=\"2433\" data-end=\"2443\">PayPal<\/li><\/ul><p data-start=\"2445\" data-end=\"2666\">Effettuando un pagamento, garantisci di essere autorizzato a utilizzare lo strumento di pagamento utilizzato. In caso di sospetto di frode o di utilizzo non autorizzato, ci riserviamo il diritto di annullare la transazione. <\/p><hr data-start=\"2668\" data-end=\"2671\"><h2 data-start=\"2673\" data-end=\"2688\">6. Consegna<\/h2><p data-start=\"2690\" data-end=\"2947\">Ordinando, accetti di fornire un indirizzo e-mail e un indirizzo di consegna validi.<br data-start=\"2784\" data-end=\"2787\">Ci riserviamo il diritto di modificare o cancellare qualsiasi ordine se necessario. In caso di cancellazione dopo il pagamento, verr\u00e0 effettuato un rimborso completo. <\/p><p data-start=\"2949\" data-end=\"3032\">I tempi e i costi di consegna sono indicati solo come stime e possono variare.<\/p><hr data-start=\"3034\" data-end=\"3037\"><h2 data-start=\"3039\" data-end=\"3077\">7. Diritto di recesso e restituzione<\/h2><h3 data-start=\"3079\" data-end=\"3096\">Rimborso<\/h3><p data-start=\"3098\" data-end=\"3156\">Il rimborso pu\u00f2 essere richiesto nei seguenti casi:<\/p><ul data-start=\"3158\" data-end=\"3231\"><li data-start=\"3158\" data-end=\"3173\">Prodotto rotto<\/li><li data-start=\"3174\" data-end=\"3213\">Prodotto non conforme alla descrizione<\/li><li data-start=\"3214\" data-end=\"3231\">Dimensione sbagliata<\/li><\/ul><p data-start=\"3233\" data-end=\"3306\">La richiesta deve essere effettuata entro <strong data-start=\"3277\" data-end=\"3289\">30 giorni<\/strong> dal ricevimento.<\/p><p data-start=\"3308\" data-end=\"3515\"><strong data-start=\"3308\" data-end=\"3350\">\u26a0\ufe0f Eccezioni al diritto di recesso<\/strong><br data-start=\"3350\" data-end=\"3353\">Ai sensi dell&#8217;articolo L221-28 del Codice del Consumo francese, i prodotti personalizzati (ad esempio poster o puzzle creati su misura) <strong data-start=\"3485\" data-end=\"3514\">non sono rimborsabili<\/strong>.<\/p><h3 data-start=\"3517\" data-end=\"3528\">Restituzioni<\/h3><p data-start=\"3530\" data-end=\"3935\">Hai a disposizione un periodo di 30 giorni per comunicare a The Post Trace la tua volont\u00e0 di recedere (esclusi i prodotti personalizzati), quindi altri 30 giorni per restituire la merce.<br data-start=\"3717\" data-end=\"3720\">Le spese di restituzione sono a carico dell&#8217;acquirente.<br data-start=\"3771\" data-end=\"3774\">Il rimborso avverr\u00e0 entro 10 giorni dal ricevimento dei prodotti restituiti, utilizzando lo stesso mezzo di pagamento utilizzato al momento dell&#8217;acquisto.<\/p><hr data-start=\"3937\" data-end=\"3940\"><h2 data-start=\"3942\" data-end=\"3976\">8. Limitazione di responsabilit\u00e0<\/h2><p data-start=\"3978\" data-end=\"4150\">SAS Trace Group, il suo presidente o i suoi dipendenti non possono essere ritenuti responsabili per eventuali danni derivanti da un uso improprio del sito o dei servizi offerti.<\/p><hr data-start=\"4152\" data-end=\"4155\"><h2 data-start=\"4157\" data-end=\"4176\">9. Compensazione<\/h2><p data-start=\"4178\" data-end=\"4340\">Utilizzando questo sito, accetti di indennizzare SAS Trace Group per qualsiasi perdita, responsabilit\u00e0 o spesa derivante da un uso non conforme da parte tua.<\/p><hr data-start=\"4342\" data-end=\"4345\"><h2 data-start=\"4347\" data-end=\"4370\">10. Leggi applicabili<\/h2><p data-start=\"4372\" data-end=\"4524\">I presenti termini e condizioni sono regolati dalla legge francese.<br data-start=\"4438\" data-end=\"4441\">Il sito \u00e8 conforme al <strong data-start=\"4465\" data-end=\"4523\">Regolamento Generale sulla Protezione dei Dati (RGPD)<\/strong>.<\/p><hr data-start=\"4526\" data-end=\"4529\"><h2 data-start=\"4531\" data-end=\"4550\">11. Divisibilit\u00e0<\/h2><p data-start=\"4552\" data-end=\"4685\">Se una disposizione delle presenti CGC\/CU \u00e8 ritenuta non valida o non applicabile, ci\u00f2 non pregiudica la validit\u00e0 delle restanti disposizioni.<\/p><hr data-start=\"4687\" data-end=\"4690\"><h2 data-start=\"4692\" data-end=\"4712\">12. Modifiche<\/h2><p data-start=\"4714\" data-end=\"4960\">Ci riserviamo il diritto di modificare queste condizioni in qualsiasi momento.<br data-start=\"4784\" data-end=\"4787\">Gli utenti sono invitati a consultare regolarmente questa pagina. In caso di modifiche importanti, la notifica potr\u00e0 essere inviata via e-mail o pubblicata sul sito. <\/p><hr data-start=\"4962\" data-end=\"4965\"><h2 data-start=\"4967\" data-end=\"4981\">13. Contatto<\/h2><p data-start=\"4983\" data-end=\"5084\">\ud83d\udce7 <strong data-start=\"4986\" data-end=\"5011\"><a rel=\"noopener\" data-start=\"4988\" data-end=\"5009\">thepostrace@gmail.com<\/a><\/strong><br data-start=\"5011\" data-end=\"5014\">\ud83d\udcee <strong data-start=\"5017\" data-end=\"5036\">SAS Trace Group<\/strong><br data-start=\"5036\" data-end=\"5039\">56 Rue des Margnolles, 69300 Caluire-et-Cuire<\/p>\t\t\t\t\t\t\t\t<\/div>\n\t\t\t\t<\/div>\n\t\t\t\t\t<\/div>\n\t\t<\/div>\n\t\t\t\t\t<\/div>\n\t\t<\/section>\n\t\t\t\t<\/div>\n\t\t","protected":false},"excerpt":{"rendered":"<p>Termini e condizioni generali di utilizzo e vendita da www.thepostrace.comData dell&#8217;ultimo aggiornamento: 24 marzo 2025 1. Generale I presenti termini e condizioni regolano l&#8217;utilizzo del sito www.thepostrace.com.Questo sito \u00e8 di propriet\u00e0 e gestito da SAS Trace Group, registrato presso l&#8217;RCS di Lione con il numero 942 311 770, la cui sede legale si trova al [&hellip;]<\/p>\n","protected":false},"author":1,"featured_media":0,"parent":0,"menu_order":0,"comment_status":"closed","ping_status":"closed","template":"","meta":{"_acf_changed":false,"site-sidebar-layout":"no-sidebar","site-content-layout":"page-builder","ast-site-content-layout":"default","site-content-style":"default","site-sidebar-style":"default","ast-global-header-display":"","ast-banner-title-visibility":"","ast-main-header-display":"","ast-hfb-above-header-display":"","ast-hfb-below-header-display":"","ast-hfb-mobile-header-display":"","site-post-title":"disabled","ast-breadcrumbs-content":"","ast-featured-img":"disabled","footer-sml-layout":"","ast-disable-related-posts":"","theme-transparent-header-meta":"default","adv-header-id-meta":"","stick-header-meta":"","header-above-stick-meta":"","header-main-stick-meta":"","header-below-stick-meta":"","astra-migrate-meta-layouts":"default","ast-page-background-enabled":"default","ast-page-background-meta":{"desktop":{"background-color":"var(--ast-global-color-4)","background-image":"","background-repeat":"repeat","background-position":"center center","background-size":"auto","background-attachment":"scroll","background-type":"","background-media":"","overlay-type":"","overlay-color":"","overlay-opacity":"","overlay-gradient":""},"tablet":{"background-color":"","background-image":"","background-repeat":"repeat","background-position":"center center","background-size":"auto","background-attachment":"scroll","background-type":"","background-media":"","overlay-type":"","overlay-color":"","overlay-opacity":"","overlay-gradient":""},"mobile":{"background-color":"","background-image":"","background-repeat":"repeat","background-position":"center center","background-size":"auto","background-attachment":"scroll","background-type":"","background-media":"","overlay-type":"","overlay-color":"","overlay-opacity":"","overlay-gradient":""}},"ast-content-background-meta":{"desktop":{"background-color":"var(--ast-global-color-5)","background-image":"","background-repeat":"repeat","background-position":"center center","background-size":"auto","background-attachment":"scroll","background-type":"","background-media":"","overlay-type":"","overlay-color":"","overlay-opacity":"","overlay-gradient":""},"tablet":{"background-color":"var(--ast-global-color-5)","background-image":"","background-repeat":"repeat","background-position":"center center","background-size":"auto","background-attachment":"scroll","background-type":"","background-media":"","overlay-type":"","overlay-color":"","overlay-opacity":"","overlay-gradient":""},"mobile":{"background-color":"var(--ast-global-color-5)","background-image":"","background-repeat":"repeat","background-position":"center center","background-size":"auto","background-attachment":"scroll","background-type":"","background-media":"","overlay-type":"","overlay-color":"","overlay-opacity":"","overlay-gradient":""}},"footnotes":""},"class_list":["post-27815","page","type-page","status-publish","hentry"],"acf":[],"_links":{"self":[{"href":"https:\/\/thepostrace.com\/it\/wp-json\/wp\/v2\/pages\/27815","targetHints":{"allow":["GET"]}}],"collection":[{"href":"https:\/\/thepostrace.com\/it\/wp-json\/wp\/v2\/pages"}],"about":[{"href":"https:\/\/thepostrace.com\/it\/wp-json\/wp\/v2\/types\/page"}],"author":[{"embeddable":true,"href":"https:\/\/thepostrace.com\/it\/wp-json\/wp\/v2\/users\/1"}],"replies":[{"embeddable":true,"href":"https:\/\/thepostrace.com\/it\/wp-json\/wp\/v2\/comments?post=27815"}],"version-history":[{"count":3,"href":"https:\/\/thepostrace.com\/it\/wp-json\/wp\/v2\/pages\/27815\/revisions"}],"predecessor-version":[{"id":42648,"href":"https:\/\/thepostrace.com\/it\/wp-json\/wp\/v2\/pages\/27815\/revisions\/42648"}],"wp:attachment":[{"href":"https:\/\/thepostrace.com\/it\/wp-json\/wp\/v2\/media?parent=27815"}],"curies":[{"name":"wp","href":"https:\/\/api.w.org\/{rel}","templated":true}]}}