{"id":42652,"date":"2021-10-12T23:45:01","date_gmt":"2021-10-12T21:45:01","guid":{"rendered":"https:\/\/thepostrace.com\/informations-legales\/"},"modified":"2025-07-24T08:38:07","modified_gmt":"2025-07-24T06:38:07","slug":"informations-legales","status":"publish","type":"page","link":"https:\/\/thepostrace.com\/it\/informations-legales\/","title":{"rendered":"Informazioni generali"},"content":{"rendered":"\t\t<div data-elementor-type=\"wp-page\" data-elementor-id=\"42652\" class=\"elementor elementor-42652 elementor-15906\" data-elementor-post-type=\"page\">\n\t\t\t\t\t\t<section data-particle_enable=\"false\" data-particle-mobile-disabled=\"false\" class=\"elementor-section elementor-top-section elementor-element elementor-element-41524d3 elementor-section-boxed elementor-section-height-default elementor-section-height-default\" data-id=\"41524d3\" data-element_type=\"section\" data-e-type=\"section\">\n\t\t\t\t\t\t<div class=\"elementor-container elementor-column-gap-default\">\n\t\t\t\t\t<div class=\"elementor-column elementor-col-100 elementor-top-column elementor-element elementor-element-9c8c004\" data-id=\"9c8c004\" data-element_type=\"column\" data-e-type=\"column\">\n\t\t\t<div class=\"elementor-widget-wrap elementor-element-populated\">\n\t\t\t\t\t\t<div class=\"elementor-element elementor-element-15dafd9 elementor-widget elementor-widget-text-editor\" data-id=\"15dafd9\" data-element_type=\"widget\" data-e-type=\"widget\" data-widget_type=\"text-editor.default\">\n\t\t\t\t<div class=\"elementor-widget-container\">\n\t\t\t\t\t\t\t\t\t<p data-start=\"119\" data-end=\"139\"><strong data-start=\"119\" data-end=\"139\">Menzioni generali<\/strong><\/p><p data-start=\"141\" data-end=\"439\">Conformemente alle disposizioni degli articoli 6-III e 19 della Loi n\u00b0 2004-575 du 21 juin 2004 pour la Confiance dans l&#8217;\u00e9conomie num\u00e9rique (L.C.E.N.), portons \u00e0 la connaissance des utilisateurs et visiteurs du site: <a href=\"http:\/\/www.thepostrace.com\" target=\"_new\" rel=\"noopener\" data-start=\"361\" data-end=\"410\">www.thepostrace.com<\/a> les informations suivantes:<\/p><hr data-start=\"441\" data-end=\"444\"><h3 data-start=\"446\" data-end=\"473\">1. Informazioni generali<\/h3><p data-start=\"475\" data-end=\"863\"><strong data-start=\"475\" data-end=\"493\">Raison sociale<\/strong>: SAS Trace Group<br data-start=\"511\" data-end=\"514\"><strong data-start=\"514\" data-end=\"533\">Forme juridique<\/strong>: Soci\u00e9t\u00e9 par actions simplifi\u00e9e<br data-start=\"566\" data-end=\"569\"><strong data-start=\"569\" data-end=\"587\">Capitale sociale<\/strong>: 500 \u20ac<br data-start=\"595\" data-end=\"598\"><strong data-start=\"598\" data-end=\"614\">Si\u00e8ge social<\/strong>: 56 Rue des Margnolles, 69300 Caluire-et-Cuire<br data-start=\"662\" data-end=\"665\"><strong data-start=\"665\" data-end=\"672\">RCS<\/strong>: 942 311 770 R.C.S. Lyon<br data-start=\"698\" data-end=\"701\"><strong data-start=\"701\" data-end=\"727\">Date d&#8217;immatriculation<\/strong>: 24\/03\/2025<br data-start=\"740\" data-end=\"743\"><strong data-start=\"743\" data-end=\"756\">Pr\u00e9sident<\/strong>: Monsieur Lavoisier<br data-start=\"786\" data-end=\"789\"><strong data-start=\"789\" data-end=\"813\">Adresse du pr\u00e9sident<\/strong>: 56 Rue des Margnolles, 69300 Caluire-et-Cuire<\/p><p data-start=\"865\" data-end=\"993\"><strong data-start=\"865\" data-end=\"896\">Direttore della pubblicazione<\/strong>: SAS Trace Groupe<br data-start=\"920\" data-end=\"923\"><strong data-start=\"923\" data-end=\"967\">Contatto del responsabile della pubblicazione<\/strong>: <a rel=\"noopener\" data-start=\"970\" data-end=\"991\">thepostrace@gmail.com<\/a><\/p><p data-start=\"995\" data-end=\"1132\"><strong data-start=\"995\" data-end=\"1015\">Cr\u00e9ateur du site<\/strong>: SAS Trace Groupe<br data-start=\"1039\" data-end=\"1042\"><strong data-start=\"1042\" data-end=\"1055\">Webmaster<\/strong>: Mr Lavoisier<br data-start=\"1079\" data-end=\"1082\"><strong data-start=\"1082\" data-end=\"1106\">Contact du webmaster<\/strong>: <a rel=\"noopener\" data-start=\"1109\" data-end=\"1130\">thepostrace@gmail.com<\/a><\/p><p data-start=\"1134\" data-end=\"1231\"><strong data-start=\"1134\" data-end=\"1147\">H\u00e9bergeur<\/strong>:<br data-start=\"1149\" data-end=\"1152\">Hostinger International Ltd.<br data-start=\"1180\" data-end=\"1183\">61 Lordou Vironos Street, 6023 Larnaca, Chypre<\/p><hr data-start=\"1233\" data-end=\"1236\"><h3 data-start=\"1238\" data-end=\"1269\">2. Presentazione e principi<\/h3><p data-start=\"1271\" data-end=\"1851\">\u00c8 denominato ci-apr\u00e8s: <strong data-start=\"1294\" data-end=\"1309\">Utilisateur<\/strong>, ogni internauta che si connette e utilizza il sito: <a href=\"http:\/\/www.thepostrace.com\" target=\"_new\" rel=\"noopener\" data-start=\"1373\" data-end=\"1422\">www.thepostrace.com.<\/a><br data-start=\"1423\" data-end=\"1426\">Il sito offre un insieme di servizi allo stato attuale, accessibili agli utenti. Gli utenti si impegnano a prestare attenzione alla cortesia e alla buona fede nei confronti degli altri utenti e del webmaster. Le site est mis \u00e0 jour r\u00e9guli\u00e8rement par Mr Lavoisier.<br data-start=\"1684\" data-end=\"1687\">Le informazioni diffuse sono fornite a titolo indicativo, non esaustivo e possono evolvere. L&#8217;utilizzatore \u00e8 tenuto a farne uso sotto la propria responsabilit\u00e0.   <\/p><hr data-start=\"1853\" data-end=\"1856\"><h3 data-start=\"1858\" data-end=\"1878\">3. Accessibilit\u00e0<\/h3><p data-start=\"1880\" data-end=\"2238\">Il sito \u00e8 accessibile 24 ore su 24 e 7 giorni su 7, salvo interruzioni per manutenzione o casi di forza maggiore. In caso di indisponibilit\u00e0, SAS Trace Group si impegna a fare il possibile per ripristinare l&#8217;accesso e informare gli utenti. Le site n&#8217;\u00e9tant soumis qu&#8217;\u00e0 une obligation de moyen, il ne saurait \u00eatre tenu responsable d&#8217;\u00e9ventuels dommages li\u00e9s \u00e0 l&#8217;indisponibilit\u00e9.  <\/p><hr data-start=\"2240\" data-end=\"2243\"><h3 data-start=\"2245\" data-end=\"2276\">4. Propriet\u00e0 intellettuale<\/h3><p data-start=\"2278\" data-end=\"2776\">SAS Trace Group \u00e8 titolare dei diritti di propriet\u00e0 intellettuale su tutti gli elementi accessibili sul sito (testi, immagini, grafismi, logo, icone, suoni, loghi&#8230;).<br data-start=\"2454\" data-end=\"2457\">Qualsiasi riproduzione, modifica o adattamento, parziale o totale, \u00e8 vietato senza l&#8217;autorizzazione scritta da SAS Trace Group. Lo sfruttamento non autorizzato costituisce una violazione sanzionata dagli articoli L.335-2 e seguenti del Codice della Propriet\u00e0 Intellettuale.<br data-start=\"2742\" data-end=\"2745\">Contatto: <a rel=\"noopener\" data-start=\"2755\" data-end=\"2776\">thepostrace@gmail.com<\/a> <\/p><hr data-start=\"2778\" data-end=\"2781\"><h3 data-start=\"2783\" data-end=\"2818\">5. Collegamenti ipertestuali e cookie<\/h3><p data-start=\"2820\" data-end=\"2992\">Il sito pu\u00f2 contenere dei link verso altri siti, con l&#8217;autorizzazione di SAS Trace Group. Tuttavia, decliniamo ogni responsabilit\u00e0 sul contenuto di questi siti. <\/p><p data-start=\"2994\" data-end=\"3339\">Durante la navigazione, i cookie possono essere installati automaticamente sul navigatore dell&#8217;utente. Questi cookie non consentono l&#8217;identificazione, ma registrano i dati di navigazione.<br data-start=\"3195\" data-end=\"3198\">L&#8217;utente pu\u00f2 configurare il proprio navigatore in modo da rifiutare i cookie tramite le istruzioni disponibili su <a href=\"http:\/\/www.cnil.fr\" target=\"_new\" rel=\"noopener\" data-start=\"3305\" data-end=\"3338\">www.cnil.fr.<\/a> <\/p><hr data-start=\"3341\" data-end=\"3344\"><h3 data-start=\"3346\" data-end=\"3388\">6. Protezione delle informazioni personali<\/h3><p data-start=\"3390\" data-end=\"3957\">SAS Trace Group non raccoglie dati personali se non per le esigenze di alcuni servizi proposti sul sito. L&#8217;utente fornisce queste informazioni in piena conoscenza di causa.<br data-start=\"3577\" data-end=\"3580\">Conformemente alla legge n\u00b0 78-17 del 6 gennaio 1978 modificata e al RGPD, ogni utente dispone di un diritto di accesso, di rettifica, di soppressione e di opposizione.<br data-start=\"3744\" data-end=\"3747\">Per esercitare questi diritti, puoi contattare:<br data-start=\"3795\" data-end=\"3798\">\ud83d\udce7 <strong data-start=\"3801\" data-end=\"3826\"><a rel=\"noopener\" data-start=\"3803\" data-end=\"3824\">thepostrace@gmail.com<\/a><\/strong><br data-start=\"3826\" data-end=\"3829\">\ud83d\udcee O per corriere firmato accompagnato da un documento di identit\u00e0 a:<br data-start=\"3891\" data-end=\"3894\">SAS Trace Group &#8211; 56 Rue des Margnolles, 69300 Caluire-et-Cuire <\/p><p data-start=\"3959\" data-end=\"4197\">Nessun dato personale dell&#8217;utente viene ceduto a terzi senza consenso, tranne in caso di cessione dell&#8217;azienda.<br data-start=\"4084\" data-end=\"4087\">Il sito \u00e8 conforme al RGPD. Politica completa: <a href=\"http:\/\/www.thepostrace.com\/rgpd\" target=\"_new\" rel=\"noopener\" data-start=\"4138\" data-end=\"4197\">www.thepostrace.com\/rgpd<\/a> <\/p><p data-start=\"4199\" data-end=\"4287\">Le basi di dati sono protette conformemente alla direttiva 96\/9\/CE dell&#8217;11 marzo 1996.<\/p>\t\t\t\t\t\t\t\t<\/div>\n\t\t\t\t<\/div>\n\t\t\t\t\t<\/div>\n\t\t<\/div>\n\t\t\t\t\t<\/div>\n\t\t<\/section>\n\t\t\t\t<\/div>\n\t\t","protected":false},"excerpt":{"rendered":"<p>Menzioni generali Conformemente alle disposizioni degli articoli 6-III e 19 della Loi n\u00b0 2004-575 du 21 juin 2004 pour la Confiance dans l&#8217;\u00e9conomie num\u00e9rique (L.C.E.N.), portons \u00e0 la connaissance des utilisateurs et visiteurs du site: www.thepostrace.com les informations suivantes: 1. Informazioni generali Raison sociale: SAS Trace GroupForme juridique: Soci\u00e9t\u00e9 par actions simplifi\u00e9eCapitale sociale: 500 \u20acSi\u00e8ge [&hellip;]<\/p>\n","protected":false},"author":1,"featured_media":0,"parent":0,"menu_order":0,"comment_status":"closed","ping_status":"closed","template":"","meta":{"_acf_changed":false,"site-sidebar-layout":"no-sidebar","site-content-layout":"page-builder","ast-site-content-layout":"default","site-content-style":"default","site-sidebar-style":"default","ast-global-header-display":"","ast-banner-title-visibility":"","ast-main-header-display":"","ast-hfb-above-header-display":"","ast-hfb-below-header-display":"","ast-hfb-mobile-header-display":"","site-post-title":"disabled","ast-breadcrumbs-content":"","ast-featured-img":"disabled","footer-sml-layout":"","ast-disable-related-posts":"","theme-transparent-header-meta":"default","adv-header-id-meta":"","stick-header-meta":"","header-above-stick-meta":"","header-main-stick-meta":"","header-below-stick-meta":"","astra-migrate-meta-layouts":"default","ast-page-background-enabled":"default","ast-page-background-meta":{"desktop":{"background-color":"var(--ast-global-color-4)","background-image":"","background-repeat":"repeat","background-position":"center center","background-size":"auto","background-attachment":"scroll","background-type":"","background-media":"","overlay-type":"","overlay-color":"","overlay-opacity":"","overlay-gradient":""},"tablet":{"background-color":"","background-image":"","background-repeat":"repeat","background-position":"center center","background-size":"auto","background-attachment":"scroll","background-type":"","background-media":"","overlay-type":"","overlay-color":"","overlay-opacity":"","overlay-gradient":""},"mobile":{"background-color":"","background-image":"","background-repeat":"repeat","background-position":"center center","background-size":"auto","background-attachment":"scroll","background-type":"","background-media":"","overlay-type":"","overlay-color":"","overlay-opacity":"","overlay-gradient":""}},"ast-content-background-meta":{"desktop":{"background-color":"var(--ast-global-color-5)","background-image":"","background-repeat":"repeat","background-position":"center center","background-size":"auto","background-attachment":"scroll","background-type":"","background-media":"","overlay-type":"","overlay-color":"","overlay-opacity":"","overlay-gradient":""},"tablet":{"background-color":"var(--ast-global-color-5)","background-image":"","background-repeat":"repeat","background-position":"center center","background-size":"auto","background-attachment":"scroll","background-type":"","background-media":"","overlay-type":"","overlay-color":"","overlay-opacity":"","overlay-gradient":""},"mobile":{"background-color":"var(--ast-global-color-5)","background-image":"","background-repeat":"repeat","background-position":"center center","background-size":"auto","background-attachment":"scroll","background-type":"","background-media":"","overlay-type":"","overlay-color":"","overlay-opacity":"","overlay-gradient":""}},"footnotes":""},"class_list":["post-42652","page","type-page","status-publish","hentry"],"acf":[],"_links":{"self":[{"href":"https:\/\/thepostrace.com\/it\/wp-json\/wp\/v2\/pages\/42652","targetHints":{"allow":["GET"]}}],"collection":[{"href":"https:\/\/thepostrace.com\/it\/wp-json\/wp\/v2\/pages"}],"about":[{"href":"https:\/\/thepostrace.com\/it\/wp-json\/wp\/v2\/types\/page"}],"author":[{"embeddable":true,"href":"https:\/\/thepostrace.com\/it\/wp-json\/wp\/v2\/users\/1"}],"replies":[{"embeddable":true,"href":"https:\/\/thepostrace.com\/it\/wp-json\/wp\/v2\/comments?post=42652"}],"version-history":[{"count":1,"href":"https:\/\/thepostrace.com\/it\/wp-json\/wp\/v2\/pages\/42652\/revisions"}],"predecessor-version":[{"id":42653,"href":"https:\/\/thepostrace.com\/it\/wp-json\/wp\/v2\/pages\/42652\/revisions\/42653"}],"wp:attachment":[{"href":"https:\/\/thepostrace.com\/it\/wp-json\/wp\/v2\/media?parent=42652"}],"curies":[{"name":"wp","href":"https:\/\/api.w.org\/{rel}","templated":true}]}}